{"id":10460,"date":"2025-09-03T11:42:20","date_gmt":"2025-09-03T03:42:20","guid":{"rendered":"https:\/\/printaker.com\/insphere-technology\/?page_id=10460"},"modified":"2026-04-09T22:46:30","modified_gmt":"2026-04-09T14:46:30","slug":"contact-us","status":"publish","type":"page","link":"https:\/\/www.inspheretechnology.com\/de\/contact-us\/","title":{"rendered":"Kontakt"},"content":{"rendered":"<div data-elementor-type=\"wp-page\" data-elementor-id=\"10460\" class=\"elementor elementor-10460\" data-elementor-post-type=\"page\">\n\t\t\t\t<div class=\"elementor-element elementor-element-878206b e-flex e-con-boxed qodef-elementor-content-no e-con e-parent\" data-id=\"878206b\" data-element_type=\"container\">\n\t\t\t\t\t<div class=\"e-con-inner\">\n\t\t<div class=\"elementor-element elementor-element-9efc203 e-con-full e-flex qodef-elementor-content-no e-con e-child\" data-id=\"9efc203\" data-element_type=\"container\">\n\t\t\t\t<div class=\"elementor-element elementor-element-c6b2694 speak-title elementor-widget elementor-widget-heading\" data-id=\"c6b2694\" data-element_type=\"widget\" data-settings=\"{&quot;_animation_tablet&quot;:&quot;fadeInDown&quot;}\" data-widget_type=\"heading.default\">\n\t\t\t\t\t<h1 class=\"elementor-heading-title elementor-size-default\">Sprechen Sie noch heute mit einem Experten<\/h1>\t\t\t\t<\/div>\n\t\t\t\t<div class=\"elementor-element elementor-element-a2a400f speak-txt elementor-widget elementor-widget-text-editor\" data-id=\"a2a400f\" data-element_type=\"widget\" data-widget_type=\"text-editor.default\">\n\t\t\t\t\t\t\t\t\t<p>Wir freuen uns darauf, von Ihnen zu h\u00f6ren. F\u00fcllen Sie das Formular aus und unser Team wird sich so schnell wie m\u00f6glich mit Ihnen in Verbindung setzen.<\/p>\t\t\t\t\t\t\t\t<\/div>\n\t\t\t\t<\/div>\n\t\t<div class=\"elementor-element elementor-element-29b9e5a e-con-full contact-inner-row e-flex qodef-elementor-content-no e-con e-child\" data-id=\"29b9e5a\" data-element_type=\"container\" data-settings=\"{&quot;background_background&quot;:&quot;classic&quot;}\">\n\t\t<div class=\"elementor-element elementor-element-4518e36 e-con-full contact-inner-col e-flex qodef-elementor-content-no e-con e-child\" data-id=\"4518e36\" data-element_type=\"container\">\n\t\t\t\t<div class=\"elementor-element elementor-element-77e93b2 elementor-widget elementor-widget-heading\" data-id=\"77e93b2\" data-element_type=\"widget\" data-widget_type=\"heading.default\">\n\t\t\t\t\t<h6 class=\"elementor-heading-title elementor-size-default\">Wir sind hier, um Ihnen zu helfen<\/h6>\t\t\t\t<\/div>\n\t\t\t\t<div class=\"elementor-element elementor-element-a8f08c7 clients-title elementor-widget elementor-widget-heading\" data-id=\"a8f08c7\" data-element_type=\"widget\" data-settings=\"{&quot;_animation_tablet&quot;:&quot;fadeInDown&quot;}\" data-widget_type=\"heading.default\">\n\t\t\t\t\t<h2 class=\"elementor-heading-title elementor-size-default\">Kontakt-Formular<\/h2>\t\t\t\t<\/div>\n\t\t\t\t<div class=\"elementor-element elementor-element-287af16 contact-txt elementor-widget elementor-widget-text-editor\" data-id=\"287af16\" data-element_type=\"widget\" data-widget_type=\"text-editor.default\">\n\t\t\t\t\t\t\t\t\t<p>Wenn Sie Fragen haben oder sich mit unserem Team in Verbindung setzen m\u00f6chten, f\u00fcllen Sie das Formular aus, und wir werden uns mit Ihnen in Verbindung setzen!<\/p>\t\t\t\t\t\t\t\t<\/div>\n\t\t\t\t<div class=\"elementor-element elementor-element-421f4f8 elementor-position-inline-start elementor-mobile-position-inline-start contact-icon elementor-view-default elementor-widget elementor-widget-icon-box\" data-id=\"421f4f8\" data-element_type=\"widget\" data-widget_type=\"icon-box.default\">\n\t\t\t\t\t\t\t<div class=\"elementor-icon-box-wrapper\">\n\n\t\t\t\t\t\t<div class=\"elementor-icon-box-icon\">\n\t\t\t\t<span  class=\"elementor-icon\">\n\t\t\t\t<svg aria-hidden=\"true\" class=\"e-font-icon-svg e-fas-envelope\" viewbox=\"0 0 512 512\" xmlns=\"http:\/\/www.w3.org\/2000\/svg\"><path d=\"M502.3 190.8c3.9-3.1 9.7-.2 9.7 4.7V400c0 26.5-21.5 48-48 48H48c-26.5 0-48-21.5-48-48V195.6c0-5 5.7-7.8 9.7-4.7 22.4 17.4 52.1 39.5 154.1 113.6 21.1 15.4 56.7 47.8 92.2 47.6 35.7.3 72-32.8 92.3-47.6 102-74.1 131.6-96.3 154-113.7zM256 320c23.2.4 56.6-29.2 73.4-41.4 132.7-96.3 142.8-104.7 173.4-128.7 5.8-4.5 9.2-11.5 9.2-18.9v-19c0-26.5-21.5-48-48-48H48C21.5 64 0 85.5 0 112v19c0 7.4 3.4 14.3 9.2 18.9 30.6 23.9 40.7 32.4 173.4 128.7 16.8 12.2 50.2 41.8 73.4 41.4z\"><\/path><\/svg>\t\t\t\t<\/span>\n\t\t\t<\/div>\n\t\t\t\n\t\t\t\t\t\t<div class=\"elementor-icon-box-content\">\n\n\t\t\t\t\t\t\t\t\t<h6 class=\"elementor-icon-box-title\">\n\t\t\t\t\t\t<span  >\n\t\t\t\t\t\t\tE-Mail\t\t\t\t\t\t<\/span>\n\t\t\t\t\t<\/h6>\n\t\t\t\t\n\t\t\t\t\t\t\t\t\t<p class=\"elementor-icon-box-description\">\n\t\t\t\t\t\t<a href=\"mailto:enquiry@insphere.com.sg\">enquiry@insphere.com.sg<\/a>\t\t\t\t\t<\/p>\n\t\t\t\t\n\t\t\t<\/div>\n\t\t\t\n\t\t<\/div>\n\t\t\t\t\t\t<\/div>\n\t\t\t\t<div class=\"elementor-element elementor-element-02ae045 elementor-position-inline-start elementor-mobile-position-inline-start contact-icon elementor-view-default elementor-widget elementor-widget-icon-box\" data-id=\"02ae045\" data-element_type=\"widget\" data-widget_type=\"icon-box.default\">\n\t\t\t\t\t\t\t<div class=\"elementor-icon-box-wrapper\">\n\n\t\t\t\t\t\t<div class=\"elementor-icon-box-icon\">\n\t\t\t\t<span  class=\"elementor-icon\">\n\t\t\t\t<svg aria-hidden=\"true\" class=\"e-font-icon-svg e-fas-phone-alt\" viewbox=\"0 0 512 512\" xmlns=\"http:\/\/www.w3.org\/2000\/svg\"><path d=\"M497.39 361.8l-112-48a24 24 0 0 0-28 6.9l-49.6 60.6A370.66 370.66 0 0 1 130.6 204.11l60.6-49.6a23.94 23.94 0 0 0 6.9-28l-48-112A24.16 24.16 0 0 0 122.6.61l-104 24A24 24 0 0 0 0 48c0 256.5 207.9 464 464 464a24 24 0 0 0 23.4-18.6l24-104a24.29 24.29 0 0 0-14.01-27.6z\"><\/path><\/svg>\t\t\t\t<\/span>\n\t\t\t<\/div>\n\t\t\t\n\t\t\t\t\t\t<div class=\"elementor-icon-box-content\">\n\n\t\t\t\t\t\t\t\t\t<h6 class=\"elementor-icon-box-title\">\n\t\t\t\t\t\t<span  >\n\t\t\t\t\t\t\tRufen Sie uns an\t\t\t\t\t\t<\/span>\n\t\t\t\t\t<\/h6>\n\t\t\t\t\n\t\t\t\t\t\t\t\t\t<p class=\"elementor-icon-box-description\">\n\t\t\t\t\t\t<a href=\"tel:+6562330488\">+65 62330488<\/a>\t\t\t\t\t<\/p>\n\t\t\t\t\n\t\t\t<\/div>\n\t\t\t\n\t\t<\/div>\n\t\t\t\t\t\t<\/div>\n\t\t\t\t<\/div>\n\t\t<div class=\"elementor-element elementor-element-2208b18 e-con-full contact-inner-col e-flex qodef-elementor-content-no e-con e-child\" data-id=\"2208b18\" data-element_type=\"container\">\n\t\t\t\t<div class=\"elementor-element elementor-element-446c314 contact-form elementor-widget elementor-widget-wp-widget-deon_core_contact_form_7\" data-id=\"446c314\" data-element_type=\"widget\" data-widget_type=\"wp-widget-deon_core_contact_form_7.default\">\n\t\t\t\t<div class=\"elementor-widget-container\">\n\t\t\t\t\t\t\t\t<div class=\"qodef-contact-form-7\">\n\t\t\t\t\n<div class=\"wpcf7 no-js\" id=\"wpcf7-f10206-o1\" lang=\"en-US\" dir=\"ltr\" data-wpcf7-id=\"10206\">\n<div class=\"screen-reader-response\"><p role=\"status\" aria-live=\"polite\" aria-atomic=\"true\"><\/p> <ul><\/ul><\/div>\n<form action=\"\/de\/wp-json\/wp\/v2\/pages\/10460#wpcf7-f10206-o1\" method=\"post\" class=\"wpcf7-form init wpcf7-acceptance-as-validation\" aria-label=\"Kontaktformular\" novalidate=\"novalidate\" data-status=\"init\" data-trp-original-action=\"\/de\/wp-json\/wp\/v2\/pages\/10460#wpcf7-f10206-o1\">\n<fieldset class=\"hidden-fields-container\"><input type=\"hidden\" name=\"_wpcf7\" value=\"10206\" \/><input type=\"hidden\" name=\"_wpcf7_version\" value=\"6.1.4\" \/><input type=\"hidden\" name=\"_wpcf7_locale\" value=\"en_US\" \/><input type=\"hidden\" name=\"_wpcf7_unit_tag\" value=\"wpcf7-f10206-o1\" \/><input type=\"hidden\" name=\"_wpcf7_container_post\" value=\"0\" \/><input type=\"hidden\" name=\"_wpcf7_posted_data_hash\" value=\"\" \/><input type=\"hidden\" name=\"_wpcf7_recaptcha_response\" value=\"\" \/>\n<\/fieldset>\n<div class=\"form-fields\">\n    <div class=\"form-field full-width-field\">\n        <span class=\"wpcf7-form-control-wrap\" data-name=\"your-name\"><input size=\"40\" maxlength=\"400\" class=\"wpcf7-form-control wpcf7-text wpcf7-validates-as-required\" aria-required=\"true\" aria-invalid=\"false\" placeholder=\"Vollst\u00e4ndiger Name*\" value=\"\" type=\"text\" name=\"your-name\" \/><\/span>\n    <\/div>\n    <div class=\"form-field half-width-field\">\n        <span class=\"wpcf7-form-control-wrap\" data-name=\"your-company\"><input size=\"40\" maxlength=\"400\" class=\"wpcf7-form-control wpcf7-text wpcf7-validates-as-required\" aria-required=\"true\" aria-invalid=\"false\" placeholder=\"Name des Unternehmens*\" value=\"\" type=\"text\" name=\"your-company\" \/><\/span>\n    <\/div>\n    <div class=\"form-field half-width-field\">\n        <span class=\"wpcf7-form-control-wrap\" data-name=\"jobtitle\"><select class=\"wpcf7-form-control wpcf7-select wpcf7-validates-as-required\" aria-required=\"true\" aria-invalid=\"false\" name=\"jobtitle\"><option value=\"\">Berufsbezeichnung\/Rolle*<\/option><option value=\"Equipment Design Engineer\">Ingenieur f\u00fcr Ger\u00e4tekonstruktion<\/option><option value=\"Automation\/Control Engineer\">Automatisierungs-\/Steuerungsingenieur<\/option><option value=\"Factory\/Manufacturing IT\">Fabrik\/Fertigung IT<\/option><option value=\"Process\/Manufacturer Engineer\">Prozess-\/Herstellungsingenieur<\/option><option value=\"Software Developer\/System Integrator\">Software-Entwickler\/Systemintegrator<\/option><option value=\"Procurement\/Sourcing Manager\">Leiter Beschaffung\/Beschaffung<\/option><option value=\"Director\/Executive\">Direktor\/Exekutive<\/option><\/select><\/span>\n    <\/div>\n    <div class=\"form-field half-width-field\">\n        <span class=\"wpcf7-form-control-wrap\" data-name=\"your-email\"><input size=\"40\" maxlength=\"400\" class=\"wpcf7-form-control wpcf7-email wpcf7-validates-as-required wpcf7-text wpcf7-validates-as-email half-width-field\" aria-required=\"true\" aria-invalid=\"false\" placeholder=\"Gesch\u00e4ftliche E-Mail*\" value=\"\" type=\"email\" name=\"your-email\" \/><\/span>\n    <\/div>\n    <div class=\"form-field half-width-field\">\n        <span class=\"wpcf7-form-control-wrap\" data-name=\"your-phone\"><input size=\"40\" maxlength=\"400\" class=\"wpcf7-form-control wpcf7-tel wpcf7-text wpcf7-validates-as-tel half-width-field\" aria-invalid=\"false\" placeholder=\"Rufnummer\" value=\"\" type=\"tel\" name=\"your-phone\" \/><\/span>\n    <\/div>\n    <div class=\"form-field full-width-field\">\n        <span class=\"wpcf7-form-control-wrap\" data-name=\"message\"><textarea cols=\"40\" rows=\"5\" maxlength=\"2000\" class=\"wpcf7-form-control wpcf7-textarea\" aria-invalid=\"false\" placeholder=\"Ihre Nachricht (optional)\" name=\"message\"><\/textarea><\/span>\n    <\/div>\n<\/div>\n<span class=\"wpcf7-form-control-wrap\" data-name=\"your-acceptance\"><span class=\"wpcf7-form-control wpcf7-acceptance\"><span class=\"wpcf7-list-item\"><label><input type=\"checkbox\" name=\"your-acceptance\" value=\"1\" class=\"acceptance-field\" aria-invalid=\"false\" \/><span class=\"wpcf7-list-item-label\">Ich bin damit einverstanden, kommerzielle Nachrichten \u00fcber Dienstleistungen, Veranstaltungen und allgemeine Unternehmensnachrichten zu erhalten. Ich kann den Newsletter jederzeit abbestellen*.<\/span><\/label><\/span><\/span><\/span>\n<input class=\"wpcf7-form-control wpcf7-hidden\" value=\"\" type=\"hidden\" name=\"uniqid\" \/>\n<button class=\"wpcf7-form-control wpcf7-submit submit-btn elementor-button qodef-button qodef-size--normal qodef-layout--outlined qodef-m\" type=\"submit\"><span class=\"qodef-m-text\">SUBMIT<\/span><\/button><div class=\"wpcf7-response-output\" aria-hidden=\"true\"><\/div>\n<input type=\"hidden\" name=\"trp-form-language\" value=\"de\"\/><\/form>\n<\/div>\n\t\t\t<\/div>\n\t\t\t\t\t\t\t<\/div>\n\t\t\t\t<\/div>\n\t\t\t\t<\/div>\n\t\t\t\t<\/div>\n\t\t\t\t\t<\/div>\n\t\t\t\t<\/div>\n\t\t<div class=\"elementor-element elementor-element-6bae64b contact-address-row e-flex e-con-boxed qodef-elementor-content-no e-con e-parent\" data-id=\"6bae64b\" data-element_type=\"container\">\n\t\t\t\t\t<div class=\"e-con-inner\">\n\t\t<div class=\"elementor-element elementor-element-521db2f e-con-full contact-address-col e-flex qodef-elementor-content-no e-con e-child\" data-id=\"521db2f\" data-element_type=\"container\">\n\t\t\t\t<div class=\"elementor-element elementor-element-366d503 elementor-widget elementor-widget-heading\" data-id=\"366d503\" data-element_type=\"widget\" data-widget_type=\"heading.default\">\n\t\t\t\t\t<h2 class=\"elementor-heading-title elementor-size-default\">B\u00fcro Singapur<\/h2>\t\t\t\t<\/div>\n\t\t\t\t<div class=\"elementor-element elementor-element-075dd34 elementor-position-inline-start elementor-mobile-position-inline-start contact-icon elementor-view-default elementor-widget elementor-widget-icon-box\" data-id=\"075dd34\" data-element_type=\"widget\" data-widget_type=\"icon-box.default\">\n\t\t\t\t\t\t\t<div class=\"elementor-icon-box-wrapper\">\n\n\t\t\t\t\t\t<div class=\"elementor-icon-box-icon\">\n\t\t\t\t<span  class=\"elementor-icon\">\n\t\t\t\t<svg aria-hidden=\"true\" class=\"e-font-icon-svg e-fas-phone-alt\" viewbox=\"0 0 512 512\" xmlns=\"http:\/\/www.w3.org\/2000\/svg\"><path d=\"M497.39 361.8l-112-48a24 24 0 0 0-28 6.9l-49.6 60.6A370.66 370.66 0 0 1 130.6 204.11l60.6-49.6a23.94 23.94 0 0 0 6.9-28l-48-112A24.16 24.16 0 0 0 122.6.61l-104 24A24 24 0 0 0 0 48c0 256.5 207.9 464 464 464a24 24 0 0 0 23.4-18.6l24-104a24.29 24.29 0 0 0-14.01-27.6z\"><\/path><\/svg>\t\t\t\t<\/span>\n\t\t\t<\/div>\n\t\t\t\n\t\t\t\t\t\t<div class=\"elementor-icon-box-content\">\n\n\t\t\t\t\n\t\t\t\t\t\t\t\t\t<p class=\"elementor-icon-box-description\">\n\t\t\t\t\t\tSingapur <a href=\"tel:+6562330488\">+65 62330488<\/a>\t\t\t\t\t<\/p>\n\t\t\t\t\n\t\t\t<\/div>\n\t\t\t\n\t\t<\/div>\n\t\t\t\t\t\t<\/div>\n\t\t\t\t<div class=\"elementor-element elementor-element-8a633ef elementor-position-inline-start elementor-mobile-position-inline-start contact-icon elementor-view-default elementor-widget elementor-widget-icon-box\" data-id=\"8a633ef\" data-element_type=\"widget\" data-widget_type=\"icon-box.default\">\n\t\t\t\t\t\t\t<div class=\"elementor-icon-box-wrapper\">\n\n\t\t\t\t\t\t<div class=\"elementor-icon-box-icon\">\n\t\t\t\t<span  class=\"elementor-icon\">\n\t\t\t\t<svg aria-hidden=\"true\" class=\"e-font-icon-svg e-fas-map-marker-alt\" viewbox=\"0 0 384 512\" xmlns=\"http:\/\/www.w3.org\/2000\/svg\"><path d=\"M172.268 501.67C26.97 291.031 0 269.413 0 192 0 85.961 85.961 0 192 0s192 85.961 192 192c0 77.413-26.97 99.031-172.268 309.67-9.535 13.774-29.93 13.773-39.464 0zM192 272c44.183 0 80-35.817 80-80s-35.817-80-80-80-80 35.817-80 80 35.817 80 80 80z\"><\/path><\/svg>\t\t\t\t<\/span>\n\t\t\t<\/div>\n\t\t\t\n\t\t\t\t\t\t<div class=\"elementor-icon-box-content\">\n\n\t\t\t\t\n\t\t\t\t\t\t\t\t\t<p class=\"elementor-icon-box-description\">\n\t\t\t\t\t\t111 North Bridge Road, #27-01, Peninsula Plaza, Singapur, Singapur 179098, SG\t\t\t\t\t<\/p>\n\t\t\t\t\n\t\t\t<\/div>\n\t\t\t\n\t\t<\/div>\n\t\t\t\t\t\t<\/div>\n\t\t\t\t<div class=\"elementor-element elementor-element-e0fdc05 elementor-widget elementor-widget-google_maps\" data-id=\"e0fdc05\" data-element_type=\"widget\" data-widget_type=\"google_maps.default\">\n\t\t\t\t\t\t\t<div class=\"elementor-custom-embed\">\n\t\t\t<iframe loading=\"lazy\"\n\t\t\t\t\tsrc=\"https:\/\/maps.google.com\/maps?q=Insphere%20Technology%20Pte%20Ltd&#038;t=m&#038;z=15&#038;output=embed&#038;iwloc=near\"\n\t\t\t\t\ttitle=\"Insphere Technologie Pte Ltd\"\n\t\t\t\t\taria-label=\"Insphere Technologie Pte Ltd\"\n\t\t\t><\/iframe>\n\t\t<\/div>\n\t\t\t\t\t\t<\/div>\n\t\t\t\t<\/div>\n\t\t<div class=\"elementor-element elementor-element-6547689 e-con-full contact-address-col e-flex qodef-elementor-content-no e-con e-child\" data-id=\"6547689\" data-element_type=\"container\">\n\t\t\t\t<div class=\"elementor-element elementor-element-2ec1f59 elementor-widget elementor-widget-heading\" data-id=\"2ec1f59\" data-element_type=\"widget\" data-widget_type=\"heading.default\">\n\t\t\t\t\t<h2 class=\"elementor-heading-title elementor-size-default\">B\u00fcro Penang<\/h2>\t\t\t\t<\/div>\n\t\t\t\t<div class=\"elementor-element elementor-element-a1f6e4c elementor-position-inline-start elementor-mobile-position-inline-start contact-icon elementor-view-default elementor-widget elementor-widget-icon-box\" data-id=\"a1f6e4c\" data-element_type=\"widget\" data-widget_type=\"icon-box.default\">\n\t\t\t\t\t\t\t<div class=\"elementor-icon-box-wrapper\">\n\n\t\t\t\t\t\t<div class=\"elementor-icon-box-icon\">\n\t\t\t\t<span  class=\"elementor-icon\">\n\t\t\t\t<svg aria-hidden=\"true\" class=\"e-font-icon-svg e-fas-phone-alt\" viewbox=\"0 0 512 512\" xmlns=\"http:\/\/www.w3.org\/2000\/svg\"><path d=\"M497.39 361.8l-112-48a24 24 0 0 0-28 6.9l-49.6 60.6A370.66 370.66 0 0 1 130.6 204.11l60.6-49.6a23.94 23.94 0 0 0 6.9-28l-48-112A24.16 24.16 0 0 0 122.6.61l-104 24A24 24 0 0 0 0 48c0 256.5 207.9 464 464 464a24 24 0 0 0 23.4-18.6l24-104a24.29 24.29 0 0 0-14.01-27.6z\"><\/path><\/svg>\t\t\t\t<\/span>\n\t\t\t<\/div>\n\t\t\t\n\t\t\t\t\t\t<div class=\"elementor-icon-box-content\">\n\n\t\t\t\t\n\t\t\t\t\t\t\t\t\t<p class=\"elementor-icon-box-description\">\n\t\t\t\t\t\tMalaysia <a href=\"tel:+6046158153\">+604 615 8153<\/a>\t\t\t\t\t<\/p>\n\t\t\t\t\n\t\t\t<\/div>\n\t\t\t\n\t\t<\/div>\n\t\t\t\t\t\t<\/div>\n\t\t\t\t<div class=\"elementor-element elementor-element-5dc5a3d elementor-position-inline-start elementor-mobile-position-inline-start contact-icon elementor-view-default elementor-widget elementor-widget-icon-box\" data-id=\"5dc5a3d\" data-element_type=\"widget\" data-widget_type=\"icon-box.default\">\n\t\t\t\t\t\t\t<div class=\"elementor-icon-box-wrapper\">\n\n\t\t\t\t\t\t<div class=\"elementor-icon-box-icon\">\n\t\t\t\t<span  class=\"elementor-icon\">\n\t\t\t\t<svg aria-hidden=\"true\" class=\"e-font-icon-svg e-fas-map-marker-alt\" viewbox=\"0 0 384 512\" xmlns=\"http:\/\/www.w3.org\/2000\/svg\"><path d=\"M172.268 501.67C26.97 291.031 0 269.413 0 192 0 85.961 85.961 0 192 0s192 85.961 192 192c0 77.413-26.97 99.031-172.268 309.67-9.535 13.774-29.93 13.773-39.464 0zM192 272c44.183 0 80-35.817 80-80s-35.817-80-80-80-80 35.817-80 80 35.817 80 80 80z\"><\/path><\/svg>\t\t\t\t<\/span>\n\t\t\t<\/div>\n\t\t\t\n\t\t\t\t\t\t<div class=\"elementor-icon-box-content\">\n\n\t\t\t\t\n\t\t\t\t\t\t\t\t\t<p class=\"elementor-icon-box-description\">\n\t\t\t\t\t\tL3A-2, Ebene 3A, SPICE Arena, 180, Jalan Tun Dr. Awang, Relau 11900 Bayan Lepas, Malaysia\t\t\t\t\t<\/p>\n\t\t\t\t\n\t\t\t<\/div>\n\t\t\t\n\t\t<\/div>\n\t\t\t\t\t\t<\/div>\n\t\t\t\t<div class=\"elementor-element elementor-element-49585a4 elementor-widget elementor-widget-google_maps\" data-id=\"49585a4\" data-element_type=\"widget\" data-widget_type=\"google_maps.default\">\n\t\t\t\t\t\t\t<div class=\"elementor-custom-embed\">\n\t\t\t<iframe loading=\"lazy\"\n\t\t\t\t\tsrc=\"https:\/\/maps.google.com\/maps?q=L3A%20-%202%2C%20Level%203A%2C%20SPICE%20Avena%2C%20180%2C%20Jalan%20Tun%20Dr.%20Awang%2C%20Relau%2011900%20Bayan%20Lepas%2C%20Malaysia&#038;t=m&#038;z=15&#038;output=embed&#038;iwloc=near\"\n\t\t\t\t\ttitle=\"L3A - 2, Ebene 3A, SPICE Avena, 180, Jalan Tun Dr. Awang, Relau 11900 Bayan Lepas, Malaysia\"\n\t\t\t\t\taria-label=\"L3A - 2, Ebene 3A, SPICE Avena, 180, Jalan Tun Dr. Awang, Relau 11900 Bayan Lepas, Malaysia\"\n\t\t\t><\/iframe>\n\t\t<\/div>\n\t\t\t\t\t\t<\/div>\n\t\t\t\t<\/div>\n\t\t\t\t\t<\/div>\n\t\t\t\t<\/div>\n\t\t\t\t<\/div>","protected":false},"excerpt":{"rendered":"<p>Speak To An Expert Today We&#8217;re excited to hear from you. Fill in the form and our team will get in touch as soon as possible. We Are Here To Help You Contact Us Form If you have any questions or would like to connect with our team, fill out the form, and we will [&hellip;]<\/p>","protected":false},"author":1,"featured_media":0,"parent":0,"menu_order":0,"comment_status":"closed","ping_status":"closed","template":"page-full-width.php","meta":{"content-type":"","footnotes":""},"class_list":["post-10460","page","type-page","status-publish","hentry"],"_links":{"self":[{"href":"https:\/\/www.inspheretechnology.com\/de\/wp-json\/wp\/v2\/pages\/10460","targetHints":{"allow":["GET"]}}],"collection":[{"href":"https:\/\/www.inspheretechnology.com\/de\/wp-json\/wp\/v2\/pages"}],"about":[{"href":"https:\/\/www.inspheretechnology.com\/de\/wp-json\/wp\/v2\/types\/page"}],"author":[{"embeddable":true,"href":"https:\/\/www.inspheretechnology.com\/de\/wp-json\/wp\/v2\/users\/1"}],"replies":[{"embeddable":true,"href":"https:\/\/www.inspheretechnology.com\/de\/wp-json\/wp\/v2\/comments?post=10460"}],"version-history":[{"count":420,"href":"https:\/\/www.inspheretechnology.com\/de\/wp-json\/wp\/v2\/pages\/10460\/revisions"}],"predecessor-version":[{"id":16969,"href":"https:\/\/www.inspheretechnology.com\/de\/wp-json\/wp\/v2\/pages\/10460\/revisions\/16969"}],"wp:attachment":[{"href":"https:\/\/www.inspheretechnology.com\/de\/wp-json\/wp\/v2\/media?parent=10460"}],"curies":[{"name":"WordPress","href":"https:\/\/api.w.org\/{rel}","templated":true}]}}