{"id":13752,"date":"2025-11-09T22:42:37","date_gmt":"2025-11-09T14:42:37","guid":{"rendered":"https:\/\/printaker.com\/insphere-technology\/?page_id=13752"},"modified":"2026-04-09T22:41:57","modified_gmt":"2026-04-09T14:41:57","slug":"legacy-equipment-automation","status":"publish","type":"page","link":"https:\/\/www.inspheretechnology.com\/de\/legacy-equipment-automation\/","title":{"rendered":"Automatisierung \u00e4lterer Anlagen"},"content":{"rendered":"<div data-elementor-type=\"wp-page\" data-elementor-id=\"13752\" class=\"elementor elementor-13752\" data-elementor-post-type=\"page\">\n\t\t\t\t<div class=\"elementor-element elementor-element-b39b13d e-con-full breadcrumb-row e-flex qodef-elementor-content-no e-con e-parent\" data-id=\"b39b13d\" data-element_type=\"container\" data-settings=\"{&quot;background_background&quot;:&quot;classic&quot;}\">\n\t\t\t\t<div class=\"elementor-element elementor-element-298380e breadcrumb-txt elementor-widget elementor-widget-heading\" data-id=\"298380e\" data-element_type=\"widget\" data-widget_type=\"heading.default\">\n\t\t\t\t\t<h4 class=\"elementor-heading-title elementor-size-default\">Legacy-Maschinen in intelligente Anlagen verwandeln.<br>Risikofreie Modernisierung von Altanlagen f\u00fcr eine nahtlose Factory-Host-Integration.<\/h4>\t\t\t\t<\/div>\n\t\t\t\t<\/div>\n\t\t<div class=\"elementor-element elementor-element-f932a72 about-oem-row e-flex e-con-boxed qodef-elementor-content-no e-con e-parent\" data-id=\"f932a72\" data-element_type=\"container\">\n\t\t\t\t\t<div class=\"e-con-inner\">\n\t\t<div class=\"elementor-element elementor-element-e54b071 e-con-full about-oem-col e-flex qodef-elementor-content-no e-con e-child\" data-id=\"e54b071\" data-element_type=\"container\">\n\t\t\t\t<div class=\"elementor-element elementor-element-b17388a elementor-widget elementor-widget-heading\" data-id=\"b17388a\" data-element_type=\"widget\" data-widget_type=\"heading.default\">\n\t\t\t\t\t<h6 class=\"elementor-heading-title elementor-size-default\">Automatisierung \u00e4lterer Anlagen<\/h6>\t\t\t\t<\/div>\n\t\t\t\t<div class=\"elementor-element elementor-element-6848085 about-oem-title elementor-widget elementor-widget-heading\" data-id=\"6848085\" data-element_type=\"widget\" data-widget_type=\"heading.default\">\n\t\t\t\t\t<h4 class=\"elementor-heading-title elementor-size-default\">Viele Fabriken sind weiterhin auf \u00e4ltere oder teilautomatisierte Anlagen angewiesen, denen SECS\/GEM- oder andere moderne Schnittstellenfunktionen fehlen. Dies f\u00fchrt zu Automatisierungsl\u00fccken, manuellen Abh\u00e4ngigkeiten und betrieblichen Ineffizienzen.<\/h4>\t\t\t\t<\/div>\n\t\t\t\t<\/div>\n\t\t<div class=\"elementor-element elementor-element-de6cc62 e-con-full about-oem-col e-flex qodef-elementor-content-no e-con e-child\" data-id=\"de6cc62\" data-element_type=\"container\">\n\t\t\t\t<div class=\"elementor-element elementor-element-10211b1 about-oem-txt elementor-widget elementor-widget-text-editor\" data-id=\"10211b1\" data-element_type=\"widget\" data-widget_type=\"text-editor.default\">\n\t\t\t\t\t\t\t\t\t<p>Insphere's L\u00f6sungen zur Integration von Altger\u00e4ten, <span style=\"text-decoration: underline;\"><a href=\"https:\/\/www.inspheretechnology.com\/de\/legacy-equipment-automation\/nxsphere-dex\/\">NxSphere<sup>\u00ae<\/sup> DEX<\/a><\/span> und <span style=\"text-decoration: underline;\"><a href=\"https:\/\/www.inspheretechnology.com\/de\/oem-equipment-solutions\/nxsphere-gembridge\/\">NxSphere<sup>\u00ae<\/sup> GEMBridge<\/a><\/span>, \u00fcberbr\u00fccken diese L\u00fccke, indem sie nicht-SECS\/GEM- und SPS-gesteuerte Werkzeuge sicher und kosteng\u00fcnstig online bringen. Durch den Einsatz fortschrittlicher OCR-, RPA- und Ger\u00e4tekommunikationstreibertechnologien erm\u00f6glichen diese Werkzeuge intelligente Konnektivit\u00e4t, verl\u00e4ngern die Lebensdauer von Maschinen und modernisieren die Automatisierung \u00e4lterer Maschinen ohne teure Hardware- oder Steuerungsnachr\u00fcstungen.<\/p>\t\t\t\t\t\t\t\t<\/div>\n\t\t\t\t<\/div>\n\t\t\t\t\t<\/div>\n\t\t\t\t<\/div>\n\t\t<div class=\"elementor-element elementor-element-b8f1608 e-flex e-con-boxed qodef-elementor-content-no e-con e-parent\" data-id=\"b8f1608\" data-element_type=\"container\">\n\t\t\t\t\t<div class=\"e-con-inner\">\n\t\t\t\t<div class=\"elementor-element elementor-element-65f92f2 elementor-widget elementor-widget-heading\" data-id=\"65f92f2\" data-element_type=\"widget\" data-widget_type=\"heading.default\">\n\t\t\t\t\t<h2 class=\"elementor-heading-title elementor-size-default\">Unsere Produkte<\/h2>\t\t\t\t<\/div>\n\t\t<div class=\"elementor-element elementor-element-f41dd38 e-con-full products-inner-row e-flex qodef-elementor-content-no e-con e-child\" data-id=\"f41dd38\" data-element_type=\"container\">\n\t\t<div class=\"elementor-element elementor-element-b08f11a e-con-full products-inner-col e-flex qodef-elementor-content-no e-con e-child\" data-id=\"b08f11a\" data-element_type=\"container\" data-settings=\"{&quot;background_background&quot;:&quot;classic&quot;}\">\n\t\t\t\t<div class=\"elementor-element elementor-element-5815643 products-img elementor-widget elementor-widget-image\" data-id=\"5815643\" data-element_type=\"widget\" data-widget_type=\"image.default\">\n\t\t\t\t\t\t\t\t\t\t\t\t\t\t\t<img fetchpriority=\"high\" decoding=\"async\" width=\"942\" height=\"608\" src=\"https:\/\/www.inspheretechnology.com\/wp-content\/uploads\/2025\/11\/NxSphere\u00ae-DEX.png\" class=\"attachment-full size-full wp-image-13759\" alt=\"NxSphere\u00ae DEX\" srcset=\"https:\/\/www.inspheretechnology.com\/wp-content\/uploads\/2025\/11\/NxSphere\u00ae-DEX.png 942w, https:\/\/www.inspheretechnology.com\/wp-content\/uploads\/2025\/11\/NxSphere\u00ae-DEX-300x194.png 300w, https:\/\/www.inspheretechnology.com\/wp-content\/uploads\/2025\/11\/NxSphere\u00ae-DEX-768x496.png 768w\" sizes=\"(max-width: 942px) 100vw, 942px\" \/>\t\t\t\t\t\t\t\t\t\t\t\t\t\t\t<\/div>\n\t\t\t\t<div class=\"elementor-element elementor-element-8c15b8b elementor-widget elementor-widget-heading\" data-id=\"8c15b8b\" data-element_type=\"widget\" data-widget_type=\"heading.default\">\n\t\t\t\t\t<h2 class=\"elementor-heading-title elementor-size-default\">NxSphere<sup>\u00ae<\/sup> DEX<\/h2>\t\t\t\t<\/div>\n\t\t\t\t<div class=\"elementor-element elementor-element-9fe761e product-detail-txt elementor-widget elementor-widget-text-editor\" data-id=\"9fe761e\" data-element_type=\"widget\" data-widget_type=\"text-editor.default\">\n\t\t\t\t\t\t\t\t\t<p>Transformation von Altger\u00e4ten f\u00fcr die KI-\u00c4ra<\/p>\t\t\t\t\t\t\t\t<\/div>\n\t\t\t\t<div class=\"elementor-element elementor-element-8e1020c product-detail-txt elementor-widget elementor-widget-text-editor\" data-id=\"8e1020c\" data-element_type=\"widget\" data-widget_type=\"text-editor.default\">\n\t\t\t\t\t\t\t\t\t<p><strong>\u00dcberblick:<\/strong><\/p><p>NxSphere<sup>\u00ae<\/sup> DEX erm\u00f6glicht die Integration von Altger\u00e4ten, indem es nicht vernetzte Werkzeuge in intelligente, vernetzte Anlagen umwandelt, ohne deren Steuerungen zu ver\u00e4ndern. Durch den Einsatz von OCR und RPA erfasst es GUI-Daten, emuliert Bedieneraktionen und kommuniziert mit den Hosts in der Fabrik \u00fcber SECS\/GEM oder benutzerdefinierte Protokolle, die vollst\u00e4ndig auf die Standards SEMI E30 und SEMI E37 abgestimmt sind.<\/p>\t\t\t\t\t\t\t\t<\/div>\n\t\t\t\t<\/div>\n\t\t<div class=\"elementor-element elementor-element-80a7ac1 e-con-full products-inner-col e-flex qodef-elementor-content-no e-con e-child\" data-id=\"80a7ac1\" data-element_type=\"container\" data-settings=\"{&quot;background_background&quot;:&quot;classic&quot;}\">\n\t\t\t\t<div class=\"elementor-element elementor-element-c3bd6a9 product-detail-txt elementor-widget elementor-widget-text-editor\" data-id=\"c3bd6a9\" data-element_type=\"widget\" data-widget_type=\"text-editor.default\">\n\t\t\t\t\t\t\t\t\t<p><strong>H\u00f6hepunkte:<\/strong><\/p>\t\t\t\t\t\t\t\t<\/div>\n\t\t\t\t<div class=\"elementor-element elementor-element-1497dbf elementor-position-inline-start product-detail-list elementor-view-default elementor-widget elementor-widget-icon-box\" data-id=\"1497dbf\" data-element_type=\"widget\" data-widget_type=\"icon-box.default\">\n\t\t\t\t\t\t\t<div class=\"elementor-icon-box-wrapper\">\n\n\t\t\t\t\t\t<div class=\"elementor-icon-box-icon\">\n\t\t\t\t<span  class=\"elementor-icon\">\n\t\t\t\t<svg aria-hidden=\"true\" class=\"e-font-icon-svg e-fas-circle\" viewbox=\"0 0 512 512\" xmlns=\"http:\/\/www.w3.org\/2000\/svg\"><path d=\"M256 8C119 8 8 119 8 256s111 248 248 248 248-111 248-248S393 8 256 8z\"><\/path><\/svg>\t\t\t\t<\/span>\n\t\t\t<\/div>\n\t\t\t\n\t\t\t\t\t\t<div class=\"elementor-icon-box-content\">\n\n\t\t\t\t\n\t\t\t\t\t\t\t\t\t<p class=\"elementor-icon-box-description\">\n\t\t\t\t\t\tNicht-intrusive Datenerfassung \u00fcber VGA\/DVI mit SECS\/GEM-Berichten in Echtzeit.\t\t\t\t\t<\/p>\n\t\t\t\t\n\t\t\t<\/div>\n\t\t\t\n\t\t<\/div>\n\t\t\t\t\t\t<\/div>\n\t\t\t\t<div class=\"elementor-element elementor-element-cc7bfb7 elementor-position-inline-start product-detail-list elementor-view-default elementor-widget elementor-widget-icon-box\" data-id=\"cc7bfb7\" data-element_type=\"widget\" data-widget_type=\"icon-box.default\">\n\t\t\t\t\t\t\t<div class=\"elementor-icon-box-wrapper\">\n\n\t\t\t\t\t\t<div class=\"elementor-icon-box-icon\">\n\t\t\t\t<span  class=\"elementor-icon\">\n\t\t\t\t<svg aria-hidden=\"true\" class=\"e-font-icon-svg e-fas-circle\" viewbox=\"0 0 512 512\" xmlns=\"http:\/\/www.w3.org\/2000\/svg\"><path d=\"M256 8C119 8 8 119 8 256s111 248 248 248 248-111 248-248S393 8 256 8z\"><\/path><\/svg>\t\t\t\t<\/span>\n\t\t\t<\/div>\n\t\t\t\n\t\t\t\t\t\t<div class=\"elementor-icon-box-content\">\n\n\t\t\t\t\n\t\t\t\t\t\t\t\t\t<p class=\"elementor-icon-box-description\">\n\t\t\t\t\t\tUnterst\u00fctzt Legacy Machine Automation und SECS\/GEM-Upgrades.\t\t\t\t\t<\/p>\n\t\t\t\t\n\t\t\t<\/div>\n\t\t\t\n\t\t<\/div>\n\t\t\t\t\t\t<\/div>\n\t\t\t\t<div class=\"elementor-element elementor-element-ef5c779 elementor-position-inline-start product-detail-list elementor-view-default elementor-widget elementor-widget-icon-box\" data-id=\"ef5c779\" data-element_type=\"widget\" data-widget_type=\"icon-box.default\">\n\t\t\t\t\t\t\t<div class=\"elementor-icon-box-wrapper\">\n\n\t\t\t\t\t\t<div class=\"elementor-icon-box-icon\">\n\t\t\t\t<span  class=\"elementor-icon\">\n\t\t\t\t<svg aria-hidden=\"true\" class=\"e-font-icon-svg e-fas-circle\" viewbox=\"0 0 512 512\" xmlns=\"http:\/\/www.w3.org\/2000\/svg\"><path d=\"M256 8C119 8 8 119 8 256s111 248 248 248 248-111 248-248S393 8 256 8z\"><\/path><\/svg>\t\t\t\t<\/span>\n\t\t\t<\/div>\n\t\t\t\n\t\t\t\t\t\t<div class=\"elementor-icon-box-content\">\n\n\t\t\t\t\n\t\t\t\t\t\t\t\t\t<p class=\"elementor-icon-box-description\">\n\t\t\t\t\t\tReduziert manuelle Eingabefehler und erm\u00f6glicht vorausschauende Analysen.\t\t\t\t\t<\/p>\n\t\t\t\t\n\t\t\t<\/div>\n\t\t\t\n\t\t<\/div>\n\t\t\t\t\t\t<\/div>\n\t\t\t\t<div class=\"elementor-element elementor-element-1cef18a elementor-position-inline-start product-detail-list elementor-view-default elementor-widget elementor-widget-icon-box\" data-id=\"1cef18a\" data-element_type=\"widget\" data-widget_type=\"icon-box.default\">\n\t\t\t\t\t\t\t<div class=\"elementor-icon-box-wrapper\">\n\n\t\t\t\t\t\t<div class=\"elementor-icon-box-icon\">\n\t\t\t\t<span  class=\"elementor-icon\">\n\t\t\t\t<svg aria-hidden=\"true\" class=\"e-font-icon-svg e-fas-circle\" viewbox=\"0 0 512 512\" xmlns=\"http:\/\/www.w3.org\/2000\/svg\"><path d=\"M256 8C119 8 8 119 8 256s111 248 248 248 248-111 248-248S393 8 256 8z\"><\/path><\/svg>\t\t\t\t<\/span>\n\t\t\t<\/div>\n\t\t\t\n\t\t\t\t\t\t<div class=\"elementor-icon-box-content\">\n\n\t\t\t\t\n\t\t\t\t\t\t\t\t\t<p class=\"elementor-icon-box-description\">\n\t\t\t\t\t\tKompaktes, industrietaugliches Hardware-Design.\t\t\t\t\t<\/p>\n\t\t\t\t\n\t\t\t<\/div>\n\t\t\t\n\t\t<\/div>\n\t\t\t\t\t\t<\/div>\n\t\t\t\t<div class=\"elementor-element elementor-element-c0afa51 product-detail-txt elementor-widget elementor-widget-text-editor\" data-id=\"c0afa51\" data-element_type=\"widget\" data-widget_type=\"text-editor.default\">\n\t\t\t\t\t\t\t\t\t<p><strong>Empfohlen f\u00fcr:<\/strong><\/p>\t\t\t\t\t\t\t\t<\/div>\n\t\t\t\t<div class=\"elementor-element elementor-element-5d9d20b elementor-position-inline-start product-detail-list elementor-view-default elementor-widget elementor-widget-icon-box\" data-id=\"5d9d20b\" data-element_type=\"widget\" data-widget_type=\"icon-box.default\">\n\t\t\t\t\t\t\t<div class=\"elementor-icon-box-wrapper\">\n\n\t\t\t\t\t\t<div class=\"elementor-icon-box-icon\">\n\t\t\t\t<span  class=\"elementor-icon\">\n\t\t\t\t<svg aria-hidden=\"true\" class=\"e-font-icon-svg e-fas-circle\" viewbox=\"0 0 512 512\" xmlns=\"http:\/\/www.w3.org\/2000\/svg\"><path d=\"M256 8C119 8 8 119 8 256s111 248 248 248 248-111 248-248S393 8 256 8z\"><\/path><\/svg>\t\t\t\t<\/span>\n\t\t\t<\/div>\n\t\t\t\n\t\t\t\t\t\t<div class=\"elementor-icon-box-content\">\n\n\t\t\t\t\n\t\t\t\t\t\t\t\t\t<p class=\"elementor-icon-box-description\">\n\t\t\t\t\t\tHersteller, die \u00e4ltere Maschinen f\u00fcr die digitale Transformation von Fabriken und die Integration von Altger\u00e4ten modernisieren.\t\t\t\t\t<\/p>\n\t\t\t\t\n\t\t\t<\/div>\n\t\t\t\n\t\t<\/div>\n\t\t\t\t\t\t<\/div>\n\t\t\t\t<div class=\"elementor-element elementor-element-6b45251 product-detail-txt elementor-widget elementor-widget-text-editor\" data-id=\"6b45251\" data-element_type=\"widget\" data-widget_type=\"text-editor.default\">\n\t\t\t\t\t\t\t\t\t<p>Erschlie\u00dfen Sie Daten von \u00e4lteren Maschinen durch die Integration intelligenter Ger\u00e4te.<\/p>\t\t\t\t\t\t\t\t<\/div>\n\t\t\t\t<div class=\"elementor-element elementor-element-858985b elementor-widget elementor-widget-button\" data-id=\"858985b\" data-element_type=\"widget\" data-widget_type=\"button.default\">\n\t\t\t\t\t\t\t\t\t\t<a class=\"elementor-button elementor-button-link elementor-size-sm\" href=\"https:\/\/www.inspheretechnology.com\/de\/legacy-equipment-automation\/nxsphere-dex\/\">\n\t\t\t\t\t\t<span class=\"elementor-button-content-wrapper\">\n\t\t\t\t\t\t\t\t\t<span class=\"elementor-button-text\">Mehr erfahren<\/span>\n\t\t\t\t\t<\/span>\n\t\t\t\t\t<\/a>\n\t\t\t\t\t\t\t\t<\/div>\n\t\t\t\t<\/div>\n\t\t\t\t<\/div>\n\t\t\t\t<div class=\"elementor-element elementor-element-f581179 elementor-widget elementor-widget-spacer\" data-id=\"f581179\" data-element_type=\"widget\" data-widget_type=\"spacer.default\">\n\t\t\t\t\t\t\t<div class=\"elementor-spacer\">\n\t\t\t<div class=\"elementor-spacer-inner\"><\/div>\n\t\t<\/div>\n\t\t\t\t\t\t<\/div>\n\t\t<div class=\"elementor-element elementor-element-106b0c8 e-con-full products-inner-row e-flex qodef-elementor-content-no e-con e-child\" data-id=\"106b0c8\" data-element_type=\"container\">\n\t\t<div class=\"elementor-element elementor-element-6e9913b e-con-full products-inner-col e-flex qodef-elementor-content-no e-con e-child\" data-id=\"6e9913b\" data-element_type=\"container\" data-settings=\"{&quot;background_background&quot;:&quot;classic&quot;}\">\n\t\t\t\t<div class=\"elementor-element elementor-element-86b5e1f products-img elementor-widget elementor-widget-image\" data-id=\"86b5e1f\" data-element_type=\"widget\" data-widget_type=\"image.default\">\n\t\t\t\t\t\t\t\t\t\t\t\t\t\t\t<img decoding=\"async\" width=\"644\" height=\"608\" src=\"https:\/\/www.inspheretechnology.com\/wp-content\/uploads\/2025\/11\/NxSphere-GEMBridge.png\" class=\"attachment-full size-full wp-image-13361\" alt=\"NxSphere GEMBridge\" srcset=\"https:\/\/www.inspheretechnology.com\/wp-content\/uploads\/2025\/11\/NxSphere-GEMBridge.png 644w, https:\/\/www.inspheretechnology.com\/wp-content\/uploads\/2025\/11\/NxSphere-GEMBridge-300x283.png 300w\" sizes=\"(max-width: 644px) 100vw, 644px\" \/>\t\t\t\t\t\t\t\t\t\t\t\t\t\t\t<\/div>\n\t\t\t\t<div class=\"elementor-element elementor-element-3bb20ba elementor-widget elementor-widget-heading\" data-id=\"3bb20ba\" data-element_type=\"widget\" data-widget_type=\"heading.default\">\n\t\t\t\t\t<h2 class=\"elementor-heading-title elementor-size-default\">NxSphere<sup>\u00ae<\/sup> GEMBridge<\/h2>\t\t\t\t<\/div>\n\t\t\t\t<div class=\"elementor-element elementor-element-00528f7 product-detail-txt elementor-widget elementor-widget-text-editor\" data-id=\"00528f7\" data-element_type=\"widget\" data-widget_type=\"text-editor.default\">\n\t\t\t\t\t\t\t\t\tEinheitliches Gateway zwischen SECS\/GEM und PLC\/OPC UA\t\t\t\t\t\t\t\t<\/div>\n\t\t\t\t<div class=\"elementor-element elementor-element-dbbf35c product-detail-txt elementor-widget elementor-widget-text-editor\" data-id=\"dbbf35c\" data-element_type=\"widget\" data-widget_type=\"text-editor.default\">\n\t\t\t\t\t\t\t\t\t<p><strong>\u00dcberblick:<\/strong><\/p><p>NxSphere<sup>\u00ae<\/sup> GEMBridge fungiert als industrielle Protokollbr\u00fccke, die SPS-, SCADA- oder Modbus-Systeme mit SECS\/GEM-Fabrikhosts verbindet. Es erm\u00f6glicht eine schnelle, codefreie SPS-zu-SECS\/GEM-Integration und verwandelt moderne oder \u00e4ltere SPS-basierte Maschinen in SECS\/GEM-konforme Ger\u00e4te.<\/p>\t\t\t\t\t\t\t\t<\/div>\n\t\t\t\t<\/div>\n\t\t<div class=\"elementor-element elementor-element-de6a780 e-con-full products-inner-col e-flex qodef-elementor-content-no e-con e-child\" data-id=\"de6a780\" data-element_type=\"container\" data-settings=\"{&quot;background_background&quot;:&quot;classic&quot;}\">\n\t\t\t\t<div class=\"elementor-element elementor-element-11b6462 product-detail-txt elementor-widget elementor-widget-text-editor\" data-id=\"11b6462\" data-element_type=\"widget\" data-widget_type=\"text-editor.default\">\n\t\t\t\t\t\t\t\t\t<p><strong>H\u00f6hepunkte:<\/strong><\/p>\t\t\t\t\t\t\t\t<\/div>\n\t\t\t\t<div class=\"elementor-element elementor-element-5f39852 elementor-position-inline-start product-detail-list elementor-view-default elementor-widget elementor-widget-icon-box\" data-id=\"5f39852\" data-element_type=\"widget\" data-widget_type=\"icon-box.default\">\n\t\t\t\t\t\t\t<div class=\"elementor-icon-box-wrapper\">\n\n\t\t\t\t\t\t<div class=\"elementor-icon-box-icon\">\n\t\t\t\t<span  class=\"elementor-icon\">\n\t\t\t\t<svg aria-hidden=\"true\" class=\"e-font-icon-svg e-fas-circle\" viewbox=\"0 0 512 512\" xmlns=\"http:\/\/www.w3.org\/2000\/svg\"><path d=\"M256 8C119 8 8 119 8 256s111 248 248 248 248-111 248-248S393 8 256 8z\"><\/path><\/svg>\t\t\t\t<\/span>\n\t\t\t<\/div>\n\t\t\t\n\t\t\t\t\t\t<div class=\"elementor-icon-box-content\">\n\n\t\t\t\t\n\t\t\t\t\t\t\t\t\t<p class=\"elementor-icon-box-description\">\n\t\t\t\t\t\tSPS-zu-SECS\/GEM und Modbus-zu-SECS\/GEM-Gateway.\t\t\t\t\t<\/p>\n\t\t\t\t\n\t\t\t<\/div>\n\t\t\t\n\t\t<\/div>\n\t\t\t\t\t\t<\/div>\n\t\t\t\t<div class=\"elementor-element elementor-element-fd33176 elementor-position-inline-start product-detail-list elementor-view-default elementor-widget elementor-widget-icon-box\" data-id=\"fd33176\" data-element_type=\"widget\" data-widget_type=\"icon-box.default\">\n\t\t\t\t\t\t\t<div class=\"elementor-icon-box-wrapper\">\n\n\t\t\t\t\t\t<div class=\"elementor-icon-box-icon\">\n\t\t\t\t<span  class=\"elementor-icon\">\n\t\t\t\t<svg aria-hidden=\"true\" class=\"e-font-icon-svg e-fas-circle\" viewbox=\"0 0 512 512\" xmlns=\"http:\/\/www.w3.org\/2000\/svg\"><path d=\"M256 8C119 8 8 119 8 256s111 248 248 248 248-111 248-248S393 8 256 8z\"><\/path><\/svg>\t\t\t\t<\/span>\n\t\t\t<\/div>\n\t\t\t\n\t\t\t\t\t\t<div class=\"elementor-icon-box-content\">\n\n\t\t\t\t\n\t\t\t\t\t\t\t\t\t<p class=\"elementor-icon-box-description\">\n\t\t\t\t\t\tVisuelles Tag-to-GEM Mapping (Statusvariablen, CEIDs, Alarme, Host-Befehle).\t\t\t\t\t<\/p>\n\t\t\t\t\n\t\t\t<\/div>\n\t\t\t\n\t\t<\/div>\n\t\t\t\t\t\t<\/div>\n\t\t\t\t<div class=\"elementor-element elementor-element-12d3916 elementor-position-inline-start product-detail-list elementor-view-default elementor-widget elementor-widget-icon-box\" data-id=\"12d3916\" data-element_type=\"widget\" data-widget_type=\"icon-box.default\">\n\t\t\t\t\t\t\t<div class=\"elementor-icon-box-wrapper\">\n\n\t\t\t\t\t\t<div class=\"elementor-icon-box-icon\">\n\t\t\t\t<span  class=\"elementor-icon\">\n\t\t\t\t<svg aria-hidden=\"true\" class=\"e-font-icon-svg e-fas-circle\" viewbox=\"0 0 512 512\" xmlns=\"http:\/\/www.w3.org\/2000\/svg\"><path d=\"M256 8C119 8 8 119 8 256s111 248 248 248 248-111 248-248S393 8 256 8z\"><\/path><\/svg>\t\t\t\t<\/span>\n\t\t\t<\/div>\n\t\t\t\n\t\t\t\t\t\t<div class=\"elementor-icon-box-content\">\n\n\t\t\t\t\n\t\t\t\t\t\t\t\t\t<p class=\"elementor-icon-box-description\">\n\t\t\t\t\t\tAdmin Panel f\u00fcr Bereitstellung und \u00dcberwachung.\t\t\t\t\t<\/p>\n\t\t\t\t\n\t\t\t<\/div>\n\t\t\t\n\t\t<\/div>\n\t\t\t\t\t\t<\/div>\n\t\t\t\t<div class=\"elementor-element elementor-element-d1a15e7 elementor-position-inline-start product-detail-list elementor-view-default elementor-widget elementor-widget-icon-box\" data-id=\"d1a15e7\" data-element_type=\"widget\" data-widget_type=\"icon-box.default\">\n\t\t\t\t\t\t\t<div class=\"elementor-icon-box-wrapper\">\n\n\t\t\t\t\t\t<div class=\"elementor-icon-box-icon\">\n\t\t\t\t<span  class=\"elementor-icon\">\n\t\t\t\t<svg aria-hidden=\"true\" class=\"e-font-icon-svg e-fas-circle\" viewbox=\"0 0 512 512\" xmlns=\"http:\/\/www.w3.org\/2000\/svg\"><path d=\"M256 8C119 8 8 119 8 256s111 248 248 248 248-111 248-248S393 8 256 8z\"><\/path><\/svg>\t\t\t\t<\/span>\n\t\t\t<\/div>\n\t\t\t\n\t\t\t\t\t\t<div class=\"elementor-icon-box-content\">\n\n\t\t\t\t\n\t\t\t\t\t\t\t\t\t<p class=\"elementor-icon-box-description\">\n\t\t\t\t\t\tErstellung von Dokumentation f\u00fcr SEMI-konforme Spezifikationen mit einem Klick.\t\t\t\t\t<\/p>\n\t\t\t\t\n\t\t\t<\/div>\n\t\t\t\n\t\t<\/div>\n\t\t\t\t\t\t<\/div>\n\t\t\t\t<div class=\"elementor-element elementor-element-a4b59cc product-detail-txt elementor-widget elementor-widget-text-editor\" data-id=\"a4b59cc\" data-element_type=\"widget\" data-widget_type=\"text-editor.default\">\n\t\t\t\t\t\t\t\t\t<p><strong>Empfohlen f\u00fcr:<\/strong><\/p>\t\t\t\t\t\t\t\t<\/div>\n\t\t\t\t<div class=\"elementor-element elementor-element-52cad24 elementor-position-inline-start product-detail-list elementor-view-default elementor-widget elementor-widget-icon-box\" data-id=\"52cad24\" data-element_type=\"widget\" data-widget_type=\"icon-box.default\">\n\t\t\t\t\t\t\t<div class=\"elementor-icon-box-wrapper\">\n\n\t\t\t\t\t\t<div class=\"elementor-icon-box-icon\">\n\t\t\t\t<span  class=\"elementor-icon\">\n\t\t\t\t<svg aria-hidden=\"true\" class=\"e-font-icon-svg e-fas-circle\" viewbox=\"0 0 512 512\" xmlns=\"http:\/\/www.w3.org\/2000\/svg\"><path d=\"M256 8C119 8 8 119 8 256s111 248 248 248 248-111 248-248S393 8 256 8z\"><\/path><\/svg>\t\t\t\t<\/span>\n\t\t\t<\/div>\n\t\t\t\n\t\t\t\t\t\t<div class=\"elementor-icon-box-content\">\n\n\t\t\t\t\n\t\t\t\t\t\t\t\t\t<p class=\"elementor-icon-box-description\">\n\t\t\t\t\t\tSPS-gesteuerte oder hybride Werkzeuge, die eine schnelle SECS\/GEM-Bef\u00e4higung durch OPC UA Mapping erfordern.\t\t\t\t\t<\/p>\n\t\t\t\t\n\t\t\t<\/div>\n\t\t\t\n\t\t<\/div>\n\t\t\t\t\t\t<\/div>\n\t\t\t\t<div class=\"elementor-element elementor-element-64739d2 product-detail-txt elementor-widget elementor-widget-text-editor\" data-id=\"64739d2\" data-element_type=\"widget\" data-widget_type=\"text-editor.default\">\n\t\t\t\t\t\t\t\t\t<p>Ein codefreies, konfigurationsgesteuertes Factory Integration Gateway, das OPC UA und SECS\/GEM m\u00fchelos miteinander verbindet.<\/p>\t\t\t\t\t\t\t\t<\/div>\n\t\t\t\t<div class=\"elementor-element elementor-element-24f56ae elementor-widget elementor-widget-button\" data-id=\"24f56ae\" data-element_type=\"widget\" data-widget_type=\"button.default\">\n\t\t\t\t\t\t\t\t\t\t<a class=\"elementor-button elementor-button-link elementor-size-sm\" href=\"https:\/\/www.inspheretechnology.com\/de\/oem-equipment-solutions\/nxsphere-gembridge\/\">\n\t\t\t\t\t\t<span class=\"elementor-button-content-wrapper\">\n\t\t\t\t\t\t\t\t\t<span class=\"elementor-button-text\">Mehr erfahren<\/span>\n\t\t\t\t\t<\/span>\n\t\t\t\t\t<\/a>\n\t\t\t\t\t\t\t\t<\/div>\n\t\t\t\t<\/div>\n\t\t\t\t<\/div>\n\t\t\t\t\t<\/div>\n\t\t\t\t<\/div>\n\t\t\t\t<\/div>","protected":false},"excerpt":{"rendered":"<p>Transform Legacy Machines into Smart Machines.Risk-free upgrade of legacy machines for seamless factory host integration. Legacy Equipment Automation Many factories still depend on older or semi-automated machines that lack SECS\/GEM or other modern interface capabilities, creating automation blind spots, manual dependencies, and operational inefficiencies. Insphere&#8217;s Legacy Equipment Integration Solutions, NxSphere\u00ae DEX and NxSphere\u00ae GEMBridge, bridge [&hellip;]<\/p>","protected":false},"author":1,"featured_media":0,"parent":0,"menu_order":0,"comment_status":"closed","ping_status":"closed","template":"page-full-width.php","meta":{"content-type":"","footnotes":""},"class_list":["post-13752","page","type-page","status-publish","hentry"],"_links":{"self":[{"href":"https:\/\/www.inspheretechnology.com\/de\/wp-json\/wp\/v2\/pages\/13752","targetHints":{"allow":["GET"]}}],"collection":[{"href":"https:\/\/www.inspheretechnology.com\/de\/wp-json\/wp\/v2\/pages"}],"about":[{"href":"https:\/\/www.inspheretechnology.com\/de\/wp-json\/wp\/v2\/types\/page"}],"author":[{"embeddable":true,"href":"https:\/\/www.inspheretechnology.com\/de\/wp-json\/wp\/v2\/users\/1"}],"replies":[{"embeddable":true,"href":"https:\/\/www.inspheretechnology.com\/de\/wp-json\/wp\/v2\/comments?post=13752"}],"version-history":[{"count":31,"href":"https:\/\/www.inspheretechnology.com\/de\/wp-json\/wp\/v2\/pages\/13752\/revisions"}],"predecessor-version":[{"id":16959,"href":"https:\/\/www.inspheretechnology.com\/de\/wp-json\/wp\/v2\/pages\/13752\/revisions\/16959"}],"wp:attachment":[{"href":"https:\/\/www.inspheretechnology.com\/de\/wp-json\/wp\/v2\/media?parent=13752"}],"curies":[{"name":"WordPress","href":"https:\/\/api.w.org\/{rel}","templated":true}]}}