{"id":13938,"date":"2025-11-10T14:56:55","date_gmt":"2025-11-10T06:56:55","guid":{"rendered":"https:\/\/printaker.com\/insphere-technology\/?page_id=13938"},"modified":"2026-01-20T15:15:30","modified_gmt":"2026-01-20T07:15:30","slug":"nxsphere-gembridge-data-sheet","status":"publish","type":"page","link":"https:\/\/www.inspheretechnology.com\/de\/oem-equipment-solutions\/nxsphere-gembridge\/nxsphere-gembridge-data-sheet\/","title":{"rendered":"NxSphere\u00ae GEMBridge Datenblatt"},"content":{"rendered":"<div data-elementor-type=\"wp-page\" data-elementor-id=\"13938\" class=\"elementor elementor-13938\" data-elementor-post-type=\"page\">\n\t\t\t\t<div class=\"elementor-element elementor-element-b39b13d e-con-full breadcrumb-row e-flex qodef-elementor-content-no e-con e-parent\" data-id=\"b39b13d\" data-element_type=\"container\" data-settings=\"{&quot;background_background&quot;:&quot;classic&quot;}\">\n\t\t\t\t<\/div>\n\t\t<div class=\"elementor-element elementor-element-f932a72 about-oem-row e-flex e-con-boxed qodef-elementor-content-no e-con e-parent\" data-id=\"f932a72\" data-element_type=\"container\">\n\t\t\t\t\t<div class=\"e-con-inner\">\n\t\t\t\t<div class=\"elementor-element elementor-element-5cffae4 elementor-widget elementor-widget-heading\" data-id=\"5cffae4\" data-element_type=\"widget\" data-widget_type=\"heading.default\">\n\t\t\t\t\t<h2 class=\"elementor-heading-title elementor-size-default\">Datenblatt herunterladen<\/h2>\t\t\t\t<\/div>\n\t\t\t\t<div class=\"elementor-element elementor-element-8e8c751 product-overview-txt elementor-widget elementor-widget-text-editor\" data-id=\"8e8c751\" data-element_type=\"widget\" data-widget_type=\"text-editor.default\">\n\t\t\t\t\t\t\t\t\t<p>Insphere Technology bietet eine umfassende Suite von f\u00fcnf L\u00f6sungen, die die digitale Transformation f\u00fcr OEMs, Fabriken und Integratoren beschleunigen. Unser Portfolio umfasst <a href=\"https:\/\/www.inspheretechnology.com\/de\/oem-equipment-solutions\/nxsphere-gem\/\">NxSphere<sup>\u00ae<\/sup> GEM<\/a> f\u00fcr eine schnelle SECS\/GEM-Integration, <a href=\"https:\/\/www.inspheretechnology.com\/de\/oem-equipment-solutions\/nxsphere-gem300\/\">NxSphere<sup>\u00ae<\/sup> GEM300<\/a> f\u00fcr nahtlose Arbeitsabl\u00e4ufe bei 300-mm-Anlagen, <a href=\"https:\/\/www.inspheretechnology.com\/de\/oem-equipment-solutions\/nxsphere-gembridge\/\">NxSphere<sup>\u00ae<\/sup> GEMBridge<\/a> f\u00fcr eine einheitliche Konnektivit\u00e4t zwischen SECS\/GEM und PLC\/OPC UA Systemen, <a href=\"https:\/\/www.inspheretechnology.com\/de\/factory-host-integration-solutions\/nxsphere-eap\/\">NxSphere<sup>\u00ae<\/sup> EAP<\/a> f\u00fcr schnelles, skalierbares Fabrikmanagement und <a href=\"https:\/\/www.inspheretechnology.com\/de\/legacy-equipment-automation\/nxsphere-dex\/\">NxSphere<sup>\u00ae<\/sup> DEX<\/a> f\u00fcr die intelligente Modernisierung \u00e4lterer Maschinen. Gemeinsam erm\u00f6glichen diese L\u00f6sungen eine effiziente Datenerfassung, eine optimierte Compliance und eine robuste Integration, um die Anforderungen von Hochleistungs-Fertigungsumgebungen zu erf\u00fcllen.<\/p>\t\t\t\t\t\t\t\t<\/div>\n\t\t\t\t\t<\/div>\n\t\t\t\t<\/div>\n\t\t<div class=\"elementor-element elementor-element-c9190cb e-flex e-con-boxed qodef-elementor-content-no e-con e-parent\" data-id=\"c9190cb\" data-element_type=\"container\" id=\"request\" data-settings=\"{&quot;background_background&quot;:&quot;classic&quot;,&quot;shape_divider_top&quot;:&quot;curve&quot;,&quot;shape_divider_top_negative&quot;:&quot;yes&quot;}\">\n\t\t\t\t\t<div class=\"e-con-inner\">\n\t\t\t\t<div class=\"elementor-shape elementor-shape-top\" aria-hidden=\"true\" data-negative=\"true\">\n\t\t\t<svg xmlns=\"http:\/\/www.w3.org\/2000\/svg\" viewbox=\"0 0 1000 100\" preserveaspectratio=\"none\">\n\t<path class=\"elementor-shape-fill\" d=\"M500,97C126.7,96.3,0.8,19.8,0,0v100l1000,0V1C1000,19.4,873.3,97.8,500,97z\"\/>\n<\/svg>\t\t<\/div>\n\t\t\t\t<div class=\"elementor-element elementor-element-ddba519 elementor-widget elementor-widget-heading\" data-id=\"ddba519\" data-element_type=\"widget\" data-widget_type=\"heading.default\">\n\t\t\t\t\t<h2 class=\"elementor-heading-title elementor-size-default\">NxSphere anfordern<sup>\u00ae<\/sup> GEMBridge-Datenblatt<\/h2>\t\t\t\t<\/div>\n\t\t<div class=\"elementor-element elementor-element-19bb77c e-con-full contact-inner-row e-flex qodef-elementor-content-no e-con e-child\" data-id=\"19bb77c\" data-element_type=\"container\">\n\t\t<div class=\"elementor-element elementor-element-1ca17ee e-con-full contact-inner-col e-flex qodef-elementor-content-no e-con e-child\" data-id=\"1ca17ee\" data-element_type=\"container\">\n\t\t\t\t<div class=\"elementor-element elementor-element-0aa18fa elementor-widget elementor-widget-heading\" data-id=\"0aa18fa\" data-element_type=\"widget\" data-widget_type=\"heading.default\">\n\t\t\t\t\t<h6 class=\"elementor-heading-title elementor-size-default\">Wir sind hier, um Ihnen zu helfen<\/h6>\t\t\t\t<\/div>\n\t\t\t\t<div class=\"elementor-element elementor-element-11da0b7 clients-title elementor-widget elementor-widget-heading\" data-id=\"11da0b7\" data-element_type=\"widget\" data-settings=\"{&quot;_animation_tablet&quot;:&quot;fadeInDown&quot;}\" data-widget_type=\"heading.default\">\n\t\t\t\t\t<h2 class=\"elementor-heading-title elementor-size-default\">Sprechen Sie mit unseren Experten<\/h2>\t\t\t\t<\/div>\n\t\t\t\t<div class=\"elementor-element elementor-element-17a38aa contact-txt elementor-widget elementor-widget-text-editor\" data-id=\"17a38aa\" data-element_type=\"widget\" data-widget_type=\"text-editor.default\">\n\t\t\t\t\t\t\t\t\t<p>Sie erhalten die NxSphere<sup>\u00ae<\/sup> GEMBridge-Datenblatt per E-Mail. Wenn Sie Fragen haben, wenden Sie sich bitte an unsere Experten.<\/p>\t\t\t\t\t\t\t\t<\/div>\n\t\t\t\t<div class=\"elementor-element elementor-element-a5bf232 elementor-position-inline-start elementor-mobile-position-inline-start contact-icon elementor-view-default elementor-widget elementor-widget-icon-box\" data-id=\"a5bf232\" data-element_type=\"widget\" data-widget_type=\"icon-box.default\">\n\t\t\t\t\t\t\t<div class=\"elementor-icon-box-wrapper\">\n\n\t\t\t\t\t\t<div class=\"elementor-icon-box-icon\">\n\t\t\t\t<span  class=\"elementor-icon\">\n\t\t\t\t<svg aria-hidden=\"true\" class=\"e-font-icon-svg e-fas-envelope\" viewbox=\"0 0 512 512\" xmlns=\"http:\/\/www.w3.org\/2000\/svg\"><path d=\"M502.3 190.8c3.9-3.1 9.7-.2 9.7 4.7V400c0 26.5-21.5 48-48 48H48c-26.5 0-48-21.5-48-48V195.6c0-5 5.7-7.8 9.7-4.7 22.4 17.4 52.1 39.5 154.1 113.6 21.1 15.4 56.7 47.8 92.2 47.6 35.7.3 72-32.8 92.3-47.6 102-74.1 131.6-96.3 154-113.7zM256 320c23.2.4 56.6-29.2 73.4-41.4 132.7-96.3 142.8-104.7 173.4-128.7 5.8-4.5 9.2-11.5 9.2-18.9v-19c0-26.5-21.5-48-48-48H48C21.5 64 0 85.5 0 112v19c0 7.4 3.4 14.3 9.2 18.9 30.6 23.9 40.7 32.4 173.4 128.7 16.8 12.2 50.2 41.8 73.4 41.4z\"><\/path><\/svg>\t\t\t\t<\/span>\n\t\t\t<\/div>\n\t\t\t\n\t\t\t\t\t\t<div class=\"elementor-icon-box-content\">\n\n\t\t\t\t\t\t\t\t\t<h6 class=\"elementor-icon-box-title\">\n\t\t\t\t\t\t<span  >\n\t\t\t\t\t\t\tE-Mail\t\t\t\t\t\t<\/span>\n\t\t\t\t\t<\/h6>\n\t\t\t\t\n\t\t\t\t\t\t\t\t\t<p class=\"elementor-icon-box-description\">\n\t\t\t\t\t\t<a href=\"mailto:enquiry@insphere.com.sg\">enquiry@insphere.com.sg<\/a>\t\t\t\t\t<\/p>\n\t\t\t\t\n\t\t\t<\/div>\n\t\t\t\n\t\t<\/div>\n\t\t\t\t\t\t<\/div>\n\t\t\t\t<div class=\"elementor-element elementor-element-3de27f4 elementor-position-inline-start elementor-mobile-position-inline-start contact-icon elementor-view-default elementor-widget elementor-widget-icon-box\" data-id=\"3de27f4\" data-element_type=\"widget\" data-widget_type=\"icon-box.default\">\n\t\t\t\t\t\t\t<div class=\"elementor-icon-box-wrapper\">\n\n\t\t\t\t\t\t<div class=\"elementor-icon-box-icon\">\n\t\t\t\t<span  class=\"elementor-icon\">\n\t\t\t\t<svg aria-hidden=\"true\" class=\"e-font-icon-svg e-fas-phone-alt\" viewbox=\"0 0 512 512\" xmlns=\"http:\/\/www.w3.org\/2000\/svg\"><path d=\"M497.39 361.8l-112-48a24 24 0 0 0-28 6.9l-49.6 60.6A370.66 370.66 0 0 1 130.6 204.11l60.6-49.6a23.94 23.94 0 0 0 6.9-28l-48-112A24.16 24.16 0 0 0 122.6.61l-104 24A24 24 0 0 0 0 48c0 256.5 207.9 464 464 464a24 24 0 0 0 23.4-18.6l24-104a24.29 24.29 0 0 0-14.01-27.6z\"><\/path><\/svg>\t\t\t\t<\/span>\n\t\t\t<\/div>\n\t\t\t\n\t\t\t\t\t\t<div class=\"elementor-icon-box-content\">\n\n\t\t\t\t\t\t\t\t\t<h6 class=\"elementor-icon-box-title\">\n\t\t\t\t\t\t<span  >\n\t\t\t\t\t\t\tRufen Sie uns an\t\t\t\t\t\t<\/span>\n\t\t\t\t\t<\/h6>\n\t\t\t\t\n\t\t\t\t\t\t\t\t\t<p class=\"elementor-icon-box-description\">\n\t\t\t\t\t\t<a href=\"tel:+6562330488\">+65 62330488<\/a>\t\t\t\t\t<\/p>\n\t\t\t\t\n\t\t\t<\/div>\n\t\t\t\n\t\t<\/div>\n\t\t\t\t\t\t<\/div>\n\t\t\t\t<\/div>\n\t\t<div class=\"elementor-element elementor-element-18afd85 e-con-full contact-inner-col e-flex qodef-elementor-content-no e-con e-child\" data-id=\"18afd85\" data-element_type=\"container\">\n\t\t\t\t<div class=\"elementor-element elementor-element-6651de9 contact-form elementor-widget elementor-widget-wp-widget-deon_core_contact_form_7\" data-id=\"6651de9\" data-element_type=\"widget\" data-widget_type=\"wp-widget-deon_core_contact_form_7.default\">\n\t\t\t\t<div class=\"elementor-widget-container\">\n\t\t\t\t\t\t\t\t<div class=\"qodef-contact-form-7\">\n\t\t\t\t\n<div class=\"wpcf7 no-js\" id=\"wpcf7-f15815-o1\" lang=\"en-US\" dir=\"ltr\" data-wpcf7-id=\"15815\">\n<div class=\"screen-reader-response\"><p role=\"status\" aria-live=\"polite\" aria-atomic=\"true\"><\/p> <ul><\/ul><\/div>\n<form action=\"\/de\/wp-json\/wp\/v2\/pages\/13938#wpcf7-f15815-o1\" method=\"post\" class=\"wpcf7-form init wpcf7-acceptance-as-validation\" aria-label=\"Kontaktformular\" novalidate=\"novalidate\" data-status=\"init\" data-trp-original-action=\"\/de\/wp-json\/wp\/v2\/pages\/13938#wpcf7-f15815-o1\">\n<fieldset class=\"hidden-fields-container\"><input type=\"hidden\" name=\"_wpcf7\" value=\"15815\" \/><input type=\"hidden\" name=\"_wpcf7_version\" value=\"6.1.4\" \/><input type=\"hidden\" name=\"_wpcf7_locale\" value=\"en_US\" \/><input type=\"hidden\" name=\"_wpcf7_unit_tag\" value=\"wpcf7-f15815-o1\" \/><input type=\"hidden\" name=\"_wpcf7_container_post\" value=\"0\" \/><input type=\"hidden\" name=\"_wpcf7_posted_data_hash\" value=\"\" \/><input type=\"hidden\" name=\"_wpcf7_recaptcha_response\" value=\"\" \/>\n<\/fieldset>\n<div class=\"form-fields\">\n    <div class=\"form-field full-width-field\">\n        <span class=\"wpcf7-form-control-wrap\" data-name=\"your-name\"><input size=\"40\" maxlength=\"400\" class=\"wpcf7-form-control wpcf7-text wpcf7-validates-as-required\" aria-required=\"true\" aria-invalid=\"false\" placeholder=\"Vollst\u00e4ndiger Name*\" value=\"\" type=\"text\" name=\"your-name\" \/><\/span>\n    <\/div>\n    <div class=\"form-field half-width-field\">\n        <span class=\"wpcf7-form-control-wrap\" data-name=\"your-company\"><input size=\"40\" maxlength=\"400\" class=\"wpcf7-form-control wpcf7-text wpcf7-validates-as-required\" aria-required=\"true\" aria-invalid=\"false\" placeholder=\"Name des Unternehmens*\" value=\"\" type=\"text\" name=\"your-company\" \/><\/span>\n    <\/div>\n    <div class=\"form-field half-width-field\">\n        <span class=\"wpcf7-form-control-wrap\" data-name=\"jobtitle\"><select class=\"wpcf7-form-control wpcf7-select wpcf7-validates-as-required\" aria-required=\"true\" aria-invalid=\"false\" name=\"jobtitle\"><option value=\"\">Berufsbezeichnung\/Rolle*<\/option><option value=\"Equipment Design Engineer\">Ingenieur f\u00fcr Ger\u00e4tekonstruktion<\/option><option value=\"Automation\/Control Engineer\">Automatisierungs-\/Steuerungsingenieur<\/option><option value=\"Factory\/Manufacturing IT\">Fabrik\/Fertigung IT<\/option><option value=\"Process\/Manufacturer Engineer\">Prozess-\/Herstellungsingenieur<\/option><option value=\"Software Developer\/System Integrator\">Software-Entwickler\/Systemintegrator<\/option><option value=\"Procurement\/Sourcing Manager\">Leiter Beschaffung\/Beschaffung<\/option><option value=\"Director\/Executive\">Direktor\/Exekutive<\/option><\/select><\/span>\n    <\/div>\n    <div class=\"form-field half-width-field\">\n        <span class=\"wpcf7-form-control-wrap\" data-name=\"your-email\"><input size=\"40\" maxlength=\"400\" class=\"wpcf7-form-control wpcf7-email wpcf7-validates-as-required wpcf7-text wpcf7-validates-as-email half-width-field\" aria-required=\"true\" aria-invalid=\"false\" placeholder=\"Gesch\u00e4ftliche E-Mail*\" value=\"\" type=\"email\" name=\"your-email\" \/><\/span>\n    <\/div>\n    <div class=\"form-field half-width-field\">\n        <span class=\"wpcf7-form-control-wrap\" data-name=\"your-phone\"><input size=\"40\" maxlength=\"400\" class=\"wpcf7-form-control wpcf7-tel wpcf7-text wpcf7-validates-as-tel half-width-field\" aria-invalid=\"false\" placeholder=\"Rufnummer\" value=\"\" type=\"tel\" name=\"your-phone\" \/><\/span>\n    <\/div>\n    <div class=\"form-field full-width-field\">\n        <span class=\"wpcf7-form-control-wrap\" data-name=\"message\"><textarea cols=\"40\" rows=\"5\" maxlength=\"2000\" class=\"wpcf7-form-control wpcf7-textarea\" aria-invalid=\"false\" placeholder=\"Ihre Nachricht (optional)\" name=\"message\"><\/textarea><\/span>\n    <\/div>\n<\/div>\n<span class=\"wpcf7-form-control-wrap\" data-name=\"your-acceptance\"><span class=\"wpcf7-form-control wpcf7-acceptance\"><span class=\"wpcf7-list-item\"><label><input type=\"checkbox\" name=\"your-acceptance\" value=\"1\" class=\"acceptance-field\" aria-invalid=\"false\" \/><span class=\"wpcf7-list-item-label\">Ich bin damit einverstanden, kommerzielle Nachrichten \u00fcber Dienstleistungen, Veranstaltungen und allgemeine Unternehmensnachrichten zu erhalten. Ich kann den Newsletter jederzeit abbestellen*.<\/span><\/label><\/span><\/span><\/span>\n<button class=\"wpcf7-form-control wpcf7-submit submit-btn elementor-button qodef-button qodef-size--normal qodef-layout--outlined qodef-m\" type=\"submit\"><span class=\"qodef-m-text\">SUBMIT<\/span><\/button><div class=\"wpcf7-response-output\" aria-hidden=\"true\"><\/div>\n<input type=\"hidden\" name=\"trp-form-language\" value=\"de\"\/><\/form>\n<\/div>\n\t\t\t<\/div>\n\t\t\t\t\t\t\t<\/div>\n\t\t\t\t<\/div>\n\t\t\t\t<\/div>\n\t\t\t\t<\/div>\n\t\t\t\t\t<\/div>\n\t\t\t\t<\/div>\n\t\t\t\t<\/div>","protected":false},"excerpt":{"rendered":"<p>Download Data Sheet Insphere Technology delivers a comprehensive suite of five solutions designed to accelerate digital transformation for OEMs, factories, and integrators. Our portfolio includes NxSphere\u00ae GEM for rapid SECS\/GEM integration, NxSphere\u00ae GEM300 for seamless 300mm equipment workflows, NxSphere\u00ae GEMBridge for unified connectivity between SECS\/GEM and PLC\/OPC UA systems, NxSphere\u00ae EAP for fast, scalable factory [&hellip;]<\/p>","protected":false},"author":1,"featured_media":0,"parent":13645,"menu_order":0,"comment_status":"closed","ping_status":"closed","template":"page-full-width.php","meta":{"content-type":"","footnotes":""},"class_list":["post-13938","page","type-page","status-publish","hentry"],"_links":{"self":[{"href":"https:\/\/www.inspheretechnology.com\/de\/wp-json\/wp\/v2\/pages\/13938","targetHints":{"allow":["GET"]}}],"collection":[{"href":"https:\/\/www.inspheretechnology.com\/de\/wp-json\/wp\/v2\/pages"}],"about":[{"href":"https:\/\/www.inspheretechnology.com\/de\/wp-json\/wp\/v2\/types\/page"}],"author":[{"embeddable":true,"href":"https:\/\/www.inspheretechnology.com\/de\/wp-json\/wp\/v2\/users\/1"}],"replies":[{"embeddable":true,"href":"https:\/\/www.inspheretechnology.com\/de\/wp-json\/wp\/v2\/comments?post=13938"}],"version-history":[{"count":40,"href":"https:\/\/www.inspheretechnology.com\/de\/wp-json\/wp\/v2\/pages\/13938\/revisions"}],"predecessor-version":[{"id":15885,"href":"https:\/\/www.inspheretechnology.com\/de\/wp-json\/wp\/v2\/pages\/13938\/revisions\/15885"}],"up":[{"embeddable":true,"href":"https:\/\/www.inspheretechnology.com\/de\/wp-json\/wp\/v2\/pages\/13645"}],"wp:attachment":[{"href":"https:\/\/www.inspheretechnology.com\/de\/wp-json\/wp\/v2\/media?parent=13938"}],"curies":[{"name":"WordPress","href":"https:\/\/api.w.org\/{rel}","templated":true}]}}