{"id":15632,"date":"2026-01-06T09:24:12","date_gmt":"2026-01-06T01:24:12","guid":{"rendered":"https:\/\/printaker.com\/insphere-technology\/?page_id=15632"},"modified":"2026-01-21T15:10:31","modified_gmt":"2026-01-21T07:10:31","slug":"privacy-policy","status":"publish","type":"page","link":"https:\/\/www.inspheretechnology.com\/de\/privacy-policy\/","title":{"rendered":"Datenschutzbestimmungen"},"content":{"rendered":"<div data-elementor-type=\"wp-page\" data-elementor-id=\"15632\" class=\"elementor elementor-15632\" data-elementor-post-type=\"page\">\n\t\t\t\t<div class=\"elementor-element elementor-element-6c9ca15 e-con-full breadcrumb-row e-flex qodef-elementor-content-no e-con e-parent\" data-id=\"6c9ca15\" data-element_type=\"container\" data-settings=\"{&quot;background_background&quot;:&quot;classic&quot;}\">\n\t\t\t\t<\/div>\n\t\t<div class=\"elementor-element elementor-element-7960e50 e-flex e-con-boxed qodef-elementor-content-no e-con e-parent\" data-id=\"7960e50\" data-element_type=\"container\">\n\t\t\t\t\t<div class=\"e-con-inner\">\n\t\t\t\t<div class=\"elementor-element elementor-element-eeb69dc elementor-widget elementor-widget-text-editor\" data-id=\"eeb69dc\" data-element_type=\"widget\" data-widget_type=\"text-editor.default\">\n\t\t\t\t\t\t\t\t\t<div id=\"bgLayers_comp-jsl3kkkd\" class=\"MW5IWV\" data-hook=\"bgLayers\" data-motion-part=\"BG_LAYER comp-jsl3kkkd\"><div id=\"bgMedia_comp-jsl3kkkd\" class=\"VgO9Yg\" data-motion-part=\"BG_MEDIA comp-jsl3kkkd\">In dieser Richtlinie wird dargelegt, auf welcher Grundlage Insphere Technology Pte Ltd mit Sitz in 111, North Bridge Road #27-01 Peninsula Plaza Singapore 179098 (zusammen mit unseren Tochtergesellschaften, unserer Holdinggesellschaft und den Tochtergesellschaften unserer Holdinggesellschaft, die von Zeit zu Zeit als \u201cInsphere Technology Pte Ltd\u201d oder \u201cwir\u201d bezeichnet werden) personenbezogene Daten von Ihnen sammelt und wie wir diese Daten verarbeiten.<\/div><\/div><div class=\"\" data-mesh-id=\"comp-jsl3kkkdinlineContent\" data-testid=\"inline-content\"><div data-mesh-id=\"comp-jsl3kkkdinlineContent-gridContainer\" data-testid=\"mesh-container-content\"><div id=\"comp-jsl3lnul\" class=\"Z_l5lU MMl86N zQ9jDz qvSjx3 Vq6kJx comp-jsl3lnul wixui-rich-text\" data-testid=\"richTextElement\"><p>Durch den Besuch unserer Website <a href=\"https:\/\/www.inspheretechnology.com\/de\/\">www.insphere.com.sg<\/a> (unsere \u201cSite\u201d) oder die Nutzung von SecsToHost.Net, SecsToTool.Net, SecsToDEX.Net, SWIFT (SECS\/GEM Simulator) oder anderer Anwendungen oder Software, die wir von Zeit zu Zeit zur Verf\u00fcgung stellen (zusammen unsere \u201cApp\u201d), akzeptieren Sie die unten dargelegten Praktiken und stimmen diesen zu.<\/p><\/div><\/div><\/div>\t\t\t\t\t\t\t\t<\/div>\n\t\t\t\t<div class=\"elementor-element elementor-element-b534cd4 elementor-widget elementor-widget-text-editor\" data-id=\"b534cd4\" data-element_type=\"widget\" data-widget_type=\"text-editor.default\">\n\t\t\t\t\t\t\t\t\t<div id=\"comp-jsl3rmus\" class=\"Z_l5lU MMl86N zQ9jDz qvSjx3 Vq6kJx comp-jsl3rmus wixui-rich-text\" data-testid=\"richTextElement\"><h6><span class=\"wixui-rich-text__text\">1.   Sammlung von Informationen<\/span><\/h6><\/div><div id=\"comp-jsl3wyz2\" class=\"Z_l5lU MMl86N zQ9jDz qvSjx3 Vq6kJx comp-jsl3wyz2 wixui-rich-text\" data-testid=\"richTextElement\"><p class=\"font_7 wixui-rich-text__text\">1.1 F\u00fcr die in Klausel 2 genannten Zwecke k\u00f6nnen wir die folgenden Informationen \u00fcber Sie sammeln und verarbeiten:<\/p><\/div><div id=\"comp-jsl3z3vr\" class=\"Z_l5lU MMl86N zQ9jDz qvSjx3 Vq6kJx comp-jsl3z3vr wixui-rich-text\" data-testid=\"richTextElement\"><p class=\"font_7 wixui-rich-text__text\">(a) \u00a0\u00a0<span class=\"wixui-rich-text__text\">Informationen, die Sie uns geben<\/span>\u00a0- Informationen, die Sie uns zur Verf\u00fcgung stellen (dazu k\u00f6nnen Ihr Name, Ihre Adresse, Ihre E-Mail-Adresse, Ihre Telefonnummer, Ihre Kreditkarteninformationen und andere pers\u00f6nliche Angaben geh\u00f6ren), indem Sie Formulare auf unserer Website oder unserer App ausf\u00fcllen oder mit uns korrespondieren (z. B. per Telefon, E-Mail oder auf andere Weise):<\/p><\/div><div id=\"comp-jsl413kn\" class=\"Z_l5lU MMl86N zQ9jDz qvSjx3 Vq6kJx comp-jsl413kn wixui-rich-text\" data-testid=\"richTextElement\"><p class=\"font_7 wixui-rich-text__text\">(i) wenn Sie uns ein Problem melden;<\/p><p class=\"font_7 wixui-rich-text__text\">(ii) wenn Sie bestimmte Funktionen auf unserer Website oder unserer App nutzen;<\/p><p class=\"font_7 wixui-rich-text__text\">(iii) wenn Sie Unterst\u00fctzung von uns anfordern; oder<\/p><p class=\"font_7 wixui-rich-text__text\">(iv) wenn Sie eine Umfrage oder einen Fragebogen ausf\u00fcllen, den wir Ihnen zusenden.<\/p><\/div><div id=\"comp-jsl42vzs\" class=\"Z_l5lU MMl86N zQ9jDz qvSjx3 Vq6kJx comp-jsl42vzs wixui-rich-text\" data-testid=\"richTextElement\"><p class=\"font_7 wixui-rich-text__text\">(b) \u00a0<span class=\"wixui-rich-text__text\">Informationen, die wir \u00fcber Sie sammeln<\/span>\u00a0- Informationen, die automatisch erfasst werden, wenn Sie unsere Website besuchen oder unsere App nutzen, zum Beispiel:<\/p><\/div><div id=\"comp-jsl444no\" class=\"Z_l5lU MMl86N zQ9jDz qvSjx3 Vq6kJx comp-jsl444no wixui-rich-text\" data-testid=\"richTextElement\"><p class=\"font_7 wixui-rich-text__text\">(i) \u00a0\u00a0<span class=\"wixui-rich-text__text\">Technische Informationen<\/span>, Dazu geh\u00f6ren die Internet-Protokoll-Adresse (IP-Adresse), mit der Ihr Computer mit dem Internet verbunden ist, sowie Ihre Anmeldedaten, der Browsertyp und die Browserversion, die Zeitzoneneinstellung, die Typen und Versionen der Browser-Plug-ins, das Betriebssystem und die Plattform;<\/p><p class=\"font_7 wixui-rich-text__text\">(ii) \u00a0<span class=\"wixui-rich-text__text\">Informationen \u00fcber Ihren Besuch<\/span>, Dazu geh\u00f6ren die vollst\u00e4ndigen URLs (Uniform Resource Locators), der Clickstream zu, durch und von unserer Website (einschlie\u00dflich Datum und Uhrzeit), die Produkte, die Sie sich angesehen oder nach denen Sie gesucht haben, die Antwortzeiten der Seiten, Fehler beim Herunterladen, die Dauer der Besuche auf bestimmten Seiten, Informationen \u00fcber die Interaktion auf der Seite (z. B. Scrollen, Klicken und \u00dcberfahren mit der Maus), die Methoden, mit denen Sie die Seite verlassen haben, und jede Telefonnummer, die Sie verwendet haben, um unseren Kundendienst anzurufen.<\/p><\/div><div id=\"comp-jsl47cou\" class=\"Z_l5lU MMl86N zQ9jDz qvSjx3 Vq6kJx comp-jsl47cou wixui-rich-text\" data-testid=\"richTextElement\"><p class=\"font_7 wixui-rich-text__text\">1.2 Wir bewahren personenbezogene Daten nur so lange auf, wie dies erforderlich ist. Die Daten k\u00f6nnen so lange archiviert werden, wie der Zweck, f\u00fcr den die Daten verwendet wurden, noch besteht.<\/p><\/div>\t\t\t\t\t\t\t\t<\/div>\n\t\t\t\t<div class=\"elementor-element elementor-element-3809ec9 elementor-widget elementor-widget-text-editor\" data-id=\"3809ec9\" data-element_type=\"widget\" data-widget_type=\"text-editor.default\">\n\t\t\t\t\t\t\t\t\t<div id=\"bgLayers_comp-jsl3kkkd\" class=\"MW5IWV\" data-hook=\"bgLayers\" data-motion-part=\"BG_LAYER comp-jsl3kkkd\"><div id=\"bgMedia_comp-jsl3kkkd\" class=\"VgO9Yg\" data-motion-part=\"BG_MEDIA comp-jsl3kkkd\"><div id=\"bgLayers_comp-jsl3kw7w\" class=\"MW5IWV\" data-hook=\"bgLayers\" data-motion-part=\"BG_LAYER comp-jsl3kw7w\"><div id=\"bgMedia_comp-jsl3kw7w\" class=\"VgO9Yg\" data-motion-part=\"BG_MEDIA comp-jsl3kw7w\"><div id=\"comp-jsl4lbyd\" class=\"Z_l5lU MMl86N zQ9jDz qvSjx3 Vq6kJx comp-jsl4lbyd wixui-rich-text\" data-testid=\"richTextElement\"><h6><span class=\"wixui-rich-text__text\">2.   Verwendung der Informationen<\/span><\/h6><\/div><div id=\"comp-jsl4lc06\" class=\"Z_l5lU MMl86N zQ9jDz qvSjx3 Vq6kJx comp-jsl4lc06 wixui-rich-text\" data-testid=\"richTextElement\"><p class=\"font_7 wixui-rich-text__text\">Wir verwenden die \u00fcber Sie gespeicherten Informationen f\u00fcr die folgenden Zwecke:<\/p><\/div><div id=\"comp-jsl4lc1j\" class=\"Z_l5lU MMl86N zQ9jDz qvSjx3 Vq6kJx comp-jsl4lc1j wixui-rich-text\" data-testid=\"richTextElement\"><p class=\"font_7 wixui-rich-text__text\">(a) Bereitstellung, Verbesserung und Entwicklung unserer Dienstleistungen;<\/p><p class=\"font_7 wixui-rich-text__text\">(b) Erforschung, Gestaltung und Einf\u00fchrung neuer Funktionen oder Produkte;<\/p><p class=\"font_7 wixui-rich-text__text\">(c) Darstellung von Inhalten und Informationen auf unserer Website und in unserer App auf die f\u00fcr Sie und das von Ihnen verwendete Ger\u00e4t effektivste Weise;<\/p><p class=\"font_7 wixui-rich-text__text\">(d) Bereitstellung von Benachrichtigungen, Aktualisierungen, Materialien oder Informationen \u00fcber unsere Dienstleistungen oder andere Arten von Informationen, die Sie angefordert oder abonniert haben;<\/p><p class=\"font_7 wixui-rich-text__text\">(e) in jedem Teil der Welt;<\/p><p class=\"font_7 wixui-rich-text__text\">(f) Beantwortung von oder Teilnahme an Gerichtsverfahren, einschlie\u00dflich der Einholung von professionellem Rat;<\/p><p class=\"font_7 wixui-rich-text__text\">(g) die Kommunikation mit Ihnen und die Beantwortung Ihrer Fragen oder Antr\u00e4ge; und<\/p><p class=\"font_7 wixui-rich-text__text\">(h) Zwecke, die mit den oben genannten unmittelbar zusammenh\u00e4ngen oder mit ihnen verbunden sind.<\/p><\/div><\/div><\/div><\/div><\/div>\t\t\t\t\t\t\t\t<\/div>\n\t\t\t\t<div class=\"elementor-element elementor-element-18a9a28 elementor-widget elementor-widget-text-editor\" data-id=\"18a9a28\" data-element_type=\"widget\" data-widget_type=\"text-editor.default\">\n\t\t\t\t\t\t\t\t\t<div id=\"bgLayers_comp-jsl3kkkd\" class=\"MW5IWV\" data-hook=\"bgLayers\" data-motion-part=\"BG_LAYER comp-jsl3kkkd\"><div id=\"bgMedia_comp-jsl3kkkd\" class=\"VgO9Yg\" data-motion-part=\"BG_MEDIA comp-jsl3kkkd\"><div id=\"bgLayers_comp-jsl3kw7w\" class=\"MW5IWV\" data-hook=\"bgLayers\" data-motion-part=\"BG_LAYER comp-jsl3kw7w\"><div id=\"bgMedia_comp-jsl3kw7w\" class=\"VgO9Yg\" data-motion-part=\"BG_MEDIA comp-jsl3kw7w\"><div id=\"comp-jsl4lbyd\" class=\"Z_l5lU MMl86N zQ9jDz qvSjx3 Vq6kJx comp-jsl4lbyd wixui-rich-text\" data-testid=\"richTextElement\"><div id=\"comp-jsl4yi0k\" class=\"Z_l5lU MMl86N zQ9jDz qvSjx3 Vq6kJx comp-jsl4yi0k wixui-rich-text\" data-testid=\"richTextElement\"><div id=\"comp-jsl4yi0k\" class=\"Z_l5lU MMl86N zQ9jDz qvSjx3 Vq6kJx comp-jsl4yi0k wixui-rich-text\" data-testid=\"richTextElement\"><h6><span class=\"wixui-rich-text__text\">3.   Offenlegung Ihrer Informationen<\/span><\/h6><\/div><div id=\"comp-jsl4yi32\" class=\"Z_l5lU MMl86N zQ9jDz qvSjx3 Vq6kJx comp-jsl4yi32 wixui-rich-text\" data-testid=\"richTextElement\"><p class=\"font_7 wixui-rich-text__text\">Wir werden Ihre pers\u00f6nlichen Daten vertraulich behandeln, aber Sie stimmen zu, dass wir Informationen weitergeben d\u00fcrfen:<\/p><\/div><div id=\"comp-jsl4yi56\" class=\"Z_l5lU MMl86N zQ9jDz qvSjx3 Vq6kJx comp-jsl4yi56 wixui-rich-text\" data-testid=\"richTextElement\"><p class=\"font_7 wixui-rich-text__text\">(a) jedes Mitglied unserer Gruppe, d.h. unsere Tochtergesellschaften, unsere oberste Holdinggesellschaft und ihre Tochtergesellschaften, wie in Abschnitt 5 des Companies Act (Kapitel 50) definiert;<\/p><p class=\"font_7 wixui-rich-text__text\">(b) Personal, Bevollm\u00e4chtigte, Berater, Wirtschaftspr\u00fcfer, Auftragnehmer, Finanzinstitute und Dienstleister im Zusammenhang mit unseren T\u00e4tigkeiten oder Dienstleistungen (z. B. Mitarbeiter, die mit der Erbringung von Unterst\u00fctzungsleistungen betraut sind);<\/p><p class=\"font_7 wixui-rich-text__text\">(c) unsere ausl\u00e4ndischen Niederlassungen, Tochtergesellschaften, Gesch\u00e4ftspartner und Gegenparteien (nur auf der Basis von \"Need-to-know\");<\/p><p class=\"font_7 wixui-rich-text__text\">(d) Personen, die uns gegen\u00fcber zur Vertraulichkeit verpflichtet sind;<\/p><p class=\"font_7 wixui-rich-text__text\">(e) Personen, denen gegen\u00fcber wir gem\u00e4\u00df den geltenden Gesetzen und Vorschriften in jedem Teil der Welt zur Offenlegung verpflichtet sind; oder<\/p><p class=\"font_7 wixui-rich-text__text\">(f) tats\u00e4chliche oder geplante Erwerber unserer Betriebe (oder eines wesentlichen Teils davon) in jedem Teil der Welt.<\/p><\/div><\/div><\/div><\/div><\/div><\/div><\/div>\t\t\t\t\t\t\t\t<\/div>\n\t\t\t\t<div class=\"elementor-element elementor-element-50fd203 elementor-widget elementor-widget-text-editor\" data-id=\"50fd203\" data-element_type=\"widget\" data-widget_type=\"text-editor.default\">\n\t\t\t\t\t\t\t\t\t<div id=\"bgLayers_comp-jsl3kkkd\" class=\"MW5IWV\" data-hook=\"bgLayers\" data-motion-part=\"BG_LAYER comp-jsl3kkkd\"><div id=\"bgMedia_comp-jsl3kkkd\" class=\"VgO9Yg\" data-motion-part=\"BG_MEDIA comp-jsl3kkkd\"><div id=\"bgLayers_comp-jsl3kw7w\" class=\"MW5IWV\" data-hook=\"bgLayers\" data-motion-part=\"BG_LAYER comp-jsl3kw7w\"><div id=\"bgMedia_comp-jsl3kw7w\" class=\"VgO9Yg\" data-motion-part=\"BG_MEDIA comp-jsl3kw7w\"><div id=\"comp-jsl4lbyd\" class=\"Z_l5lU MMl86N zQ9jDz qvSjx3 Vq6kJx comp-jsl4lbyd wixui-rich-text\" data-testid=\"richTextElement\"><div id=\"comp-jsl4yi0k\" class=\"Z_l5lU MMl86N zQ9jDz qvSjx3 Vq6kJx comp-jsl4yi0k wixui-rich-text\" data-testid=\"richTextElement\"><div id=\"comp-jsl4yi0k\" class=\"Z_l5lU MMl86N zQ9jDz qvSjx3 Vq6kJx comp-jsl4yi0k wixui-rich-text\" data-testid=\"richTextElement\"><section id=\"comp-lajmqkyr\" class=\"Oqnisf comp-lajmqkyr wixui-section\" tabindex=\"-1\" data-block-level-container=\"ClassicSection\"><div class=\"\" data-mesh-id=\"comp-lajmqkyrinlineContent\" data-testid=\"inline-content\"><div data-mesh-id=\"comp-lajmqkyrinlineContent-gridContainer\" data-testid=\"mesh-container-content\"><section id=\"comp-jsl5jmb1\" class=\"comp-jsl5jmb1 CohWsy wixui-column-strip\"><div class=\"V5AUxf\" data-testid=\"columns\"><div id=\"comp-jsl5jmfa\" class=\"comp-jsl5jmfa YzqVVZ wixui-column-strip__column\"><div id=\"bgLayers_comp-jsl5jmfa\" class=\"MW5IWV\" data-hook=\"bgLayers\" data-motion-part=\"BG_LAYER comp-jsl5jmfa\"><div id=\"bgMedia_comp-jsl5jmfa\" class=\"VgO9Yg\" data-motion-part=\"BG_MEDIA comp-jsl5jmfa\"><div id=\"bgLayers_comp-jsl5jmfa\" class=\"MW5IWV\" data-hook=\"bgLayers\" data-motion-part=\"BG_LAYER comp-jsl5jmfa\"><div id=\"bgMedia_comp-jsl5jmfa\" class=\"VgO9Yg\" data-motion-part=\"BG_MEDIA comp-jsl5jmfa\"><div class=\"\" data-mesh-id=\"comp-jsl5jmfainlineContent\" data-testid=\"inline-content\"><div data-mesh-id=\"comp-jsl5jmfainlineContent-gridContainer\" data-testid=\"mesh-container-content\"><div id=\"comp-jsl5jmfu\" class=\"Z_l5lU MMl86N zQ9jDz qvSjx3 Vq6kJx comp-jsl5jmfu wixui-rich-text\" data-testid=\"richTextElement\"><h6 class=\"font_3 wixui-rich-text__text\"><span class=\"wixui-rich-text__text\">4.   Websites von Dritten<\/span><\/h6><\/div><\/div><\/div><\/div><\/div><\/div><\/div><div class=\"\" data-mesh-id=\"comp-jsl5jmfainlineContent\" data-testid=\"inline-content\"><div data-mesh-id=\"comp-jsl5jmfainlineContent-gridContainer\" data-testid=\"mesh-container-content\"><div id=\"comp-jsl5jmhs\" class=\"Z_l5lU MMl86N zQ9jDz qvSjx3 Vq6kJx comp-jsl5jmhs wixui-rich-text\" data-testid=\"richTextElement\"><p class=\"font_7 wixui-rich-text__text\">Unsere Website, unsere App oder unsere Kommunikation mit Ihnen kann von Zeit zu Zeit Links zu Websites Dritter enthalten, \u00fcber die wir keine Kontrolle haben. Wenn Sie einem Link zu einer dieser Websites folgen, beachten Sie bitte, dass diese ihre eigenen Praktiken und Richtlinien haben. Wir empfehlen Ihnen, die Datenschutzrichtlinien oder -erkl\u00e4rungen dieser Websites zu lesen, um Ihre Rechte zu verstehen. Wir \u00fcbernehmen keine Verantwortung oder Haftung f\u00fcr die Praktiken von Websites Dritter.<\/p><\/div><\/div><\/div><\/div><\/div><\/section><\/div><\/div><\/section><\/div><\/div><\/div><\/div><\/div><\/div><\/div>\t\t\t\t\t\t\t\t<\/div>\n\t\t\t\t<div class=\"elementor-element elementor-element-05f132e elementor-widget elementor-widget-text-editor\" data-id=\"05f132e\" data-element_type=\"widget\" data-widget_type=\"text-editor.default\">\n\t\t\t\t\t\t\t\t\t<div id=\"comp-jsl57yvj\" class=\"Z_l5lU MMl86N zQ9jDz qvSjx3 Vq6kJx comp-jsl57yvj wixui-rich-text\" data-testid=\"richTextElement\"><h6><span class=\"wixui-rich-text__text\">5.   Sicherheit<\/span><\/h6><\/div><div id=\"comp-jsl57yxq\" class=\"Z_l5lU MMl86N zQ9jDz qvSjx3 Vq6kJx comp-jsl57yxq wixui-rich-text\" data-testid=\"richTextElement\"><p class=\"font_7 wixui-rich-text__text\">5.1 Alle Informationen, die Sie uns zur Verf\u00fcgung stellen, werden auf unseren sicheren Servern gespeichert.<\/p><p class=\"font_7 wixui-rich-text__text\">5.2 Wenn wir Ihnen ein Passwort gegeben haben (oder Sie ein solches gew\u00e4hlt haben), das Ihnen den Zugang zu bestimmten Teilen der Website erm\u00f6glicht, sind Sie daf\u00fcr verantwortlich, dieses Passwort geheim zu halten. Wir bitten Sie, Ihr Passwort nicht an Dritte weiterzugeben.<\/p><p class=\"font_7 wixui-rich-text__text\">5.3 Wir beschr\u00e4nken den Zugriff auf personenbezogene Daten auf unsere Mitarbeiter, Dienstleister und Auftragnehmer auf der Grundlage der strikten Notwendigkeit der Kenntnisnahme und stellen sicher, dass diese Personen vertraglich zur Vertraulichkeit verpflichtet sind.<\/p><p class=\"font_7 wixui-rich-text__text\">5.4 Wir \u00fcberpr\u00fcfen unsere Praktiken der Datenerhebung, -speicherung und -verarbeitung von Zeit zu Zeit, um uns gegen unbefugten Zugriff, Verarbeitung oder Nutzung zu sch\u00fctzen.<\/p><p class=\"font_7 wixui-rich-text__text\">5.5 Bitte beachten Sie jedoch, dass die \u00dcbertragung von Informationen \u00fcber das Internet nicht v\u00f6llig sicher ist. Obwohl wir unser Bestes tun, um Ihre pers\u00f6nlichen Daten zu sch\u00fctzen, k\u00f6nnen wir die Sicherheit Ihrer an unsere Website \u00fcbermittelten Daten nicht garantieren; jede \u00dcbertragung erfolgt auf Ihr eigenes Risiko.\u00a0<\/p><\/div>\t\t\t\t\t\t\t\t<\/div>\n\t\t\t\t<div class=\"elementor-element elementor-element-4ebcfe4 elementor-widget elementor-widget-text-editor\" data-id=\"4ebcfe4\" data-element_type=\"widget\" data-widget_type=\"text-editor.default\">\n\t\t\t\t\t\t\t\t\t<div id=\"comp-jsl57yvj\" class=\"Z_l5lU MMl86N zQ9jDz qvSjx3 Vq6kJx comp-jsl57yvj wixui-rich-text\" data-testid=\"richTextElement\"><div id=\"comp-jsl5e6i4\" class=\"Z_l5lU MMl86N zQ9jDz qvSjx3 Vq6kJx comp-jsl5e6i4 wixui-rich-text\" data-testid=\"richTextElement\"><h6><span class=\"wixui-rich-text__text\">6.   Deine Rechte<\/span><\/h6><\/div><div id=\"comp-jsl5e6l0\" class=\"Z_l5lU MMl86N zQ9jDz qvSjx3 Vq6kJx comp-jsl5e6l0 wixui-rich-text\" data-testid=\"richTextElement\"><p class=\"font_7 wixui-rich-text__text\">6.1 Sie haben das Recht auf:<\/p><\/div><div id=\"comp-jsl5e6mx\" class=\"Z_l5lU MMl86N zQ9jDz qvSjx3 Vq6kJx comp-jsl5e6mx wixui-rich-text\" data-testid=\"richTextElement\"><p class=\"font_7 wixui-rich-text__text\">(a) zu \u00fcberpr\u00fcfen, ob wir personenbezogene Daten \u00fcber Sie speichern;<\/p><p class=\"font_7 wixui-rich-text__text\">(b) Zugang zu allen personenbezogenen Daten, die wir \u00fcber Sie gespeichert haben; und<\/p><p class=\"font_7 wixui-rich-text__text\">(c) von uns zu verlangen, dass wir etwaige Ungenauigkeiten oder Fehler in den \u00fcber Sie gespeicherten personenbezogenen Daten korrigieren.<\/p><\/div><div id=\"comp-jsl5e6um\" class=\"Z_l5lU MMl86N zQ9jDz qvSjx3 Vq6kJx comp-jsl5e6um wixui-rich-text\" data-testid=\"richTextElement\"><p class=\"font_7 wixui-rich-text__text\">6.2 Jeder Antrag gem\u00e4\u00df Klausel\u00a0<span class=\"wixui-rich-text__text\"><a class=\"wixui-rich-text__text\" href=\"https:\/\/app.beta.zegal.com\/activities\/act-624be9f6-86be-4ae8-abc3-fbaaa306210c\/act-8299421a-0a81-4fdb-88d3-77cfbed22d28\/document\/5c73568db6fa0001000e1b86\/5a3203b2f8e9c10500dbc30c\/p4bej412uih877166?#6.1\" target=\"_blank\" rel=\"noopener\">6.1<\/a><\/span>\u00a0kann eine geringe Verwaltungsgeb\u00fchr erhoben werden, um unsere Kosten f\u00fcr die Bearbeitung Ihrer Anfrage zu decken.<\/p><\/div><\/div>\t\t\t\t\t\t\t\t<\/div>\n\t\t\t\t<div class=\"elementor-element elementor-element-0e3c270 elementor-widget elementor-widget-text-editor\" data-id=\"0e3c270\" data-element_type=\"widget\" data-widget_type=\"text-editor.default\">\n\t\t\t\t\t\t\t\t\t<div id=\"comp-jsl57yvj\" class=\"Z_l5lU MMl86N zQ9jDz qvSjx3 Vq6kJx comp-jsl57yvj wixui-rich-text\" data-testid=\"richTextElement\"><div id=\"comp-jsl5e6i4\" class=\"Z_l5lU MMl86N zQ9jDz qvSjx3 Vq6kJx comp-jsl5e6i4 wixui-rich-text\" data-testid=\"richTextElement\"><div id=\"comp-jsl54ngi\" class=\"Z_l5lU MMl86N zQ9jDz qvSjx3 Vq6kJx comp-jsl54ngi wixui-rich-text\" data-testid=\"richTextElement\"><h6><span class=\"wixui-rich-text__text\">7.   \u00c4nderungen an unserer privaten Politik<\/span><\/h6><\/div><div id=\"comp-jsl54njm\" class=\"Z_l5lU MMl86N zQ9jDz qvSjx3 Vq6kJx comp-jsl54njm wixui-rich-text\" data-testid=\"richTextElement\"><p class=\"font_7 wixui-rich-text__text\">Wir k\u00f6nnen diese Richtlinie von Zeit zu Zeit \u00e4ndern, indem wir die aktualisierte Richtlinie auf unserer Website ver\u00f6ffentlichen. Indem Sie unsere Website und unsere App nach Inkrafttreten der \u00c4nderungen weiterhin nutzen, erkl\u00e4ren Sie sich mit der \u00fcberarbeiteten Richtlinie einverstanden.<\/p><p class=\"font_7 wixui-rich-text__text\">Zuletzt aktualisiert: 25. Februar 2019<\/p><\/div><\/div><\/div>\t\t\t\t\t\t\t\t<\/div>\n\t\t\t\t\t<\/div>\n\t\t\t\t<\/div>\n\t\t\t\t<\/div>","protected":false},"excerpt":{"rendered":"<p>This policy sets out the basis on which Insphere Technology Pte Ltd of 111, North Bridge Road #27-01 Peninsula Plaza Singapore 179098 (together with our subsidiaries, our holding company, subsidiaries of our holding company from time to time, collectively called &#8220;Insphere Technology Pte Ltd&#8221; or \u201cwe\u201d) collects personal data from you and how we process [&hellip;]<\/p>","protected":false},"author":1,"featured_media":0,"parent":0,"menu_order":0,"comment_status":"closed","ping_status":"closed","template":"page-full-width.php","meta":{"content-type":"","footnotes":""},"class_list":["post-15632","page","type-page","status-publish","hentry"],"_links":{"self":[{"href":"https:\/\/www.inspheretechnology.com\/de\/wp-json\/wp\/v2\/pages\/15632","targetHints":{"allow":["GET"]}}],"collection":[{"href":"https:\/\/www.inspheretechnology.com\/de\/wp-json\/wp\/v2\/pages"}],"about":[{"href":"https:\/\/www.inspheretechnology.com\/de\/wp-json\/wp\/v2\/types\/page"}],"author":[{"embeddable":true,"href":"https:\/\/www.inspheretechnology.com\/de\/wp-json\/wp\/v2\/users\/1"}],"replies":[{"embeddable":true,"href":"https:\/\/www.inspheretechnology.com\/de\/wp-json\/wp\/v2\/comments?post=15632"}],"version-history":[{"count":31,"href":"https:\/\/www.inspheretechnology.com\/de\/wp-json\/wp\/v2\/pages\/15632\/revisions"}],"predecessor-version":[{"id":15915,"href":"https:\/\/www.inspheretechnology.com\/de\/wp-json\/wp\/v2\/pages\/15632\/revisions\/15915"}],"wp:attachment":[{"href":"https:\/\/www.inspheretechnology.com\/de\/wp-json\/wp\/v2\/media?parent=15632"}],"curies":[{"name":"WordPress","href":"https:\/\/api.w.org\/{rel}","templated":true}]}}